{"id":9495,"date":"2023-03-16T12:27:54","date_gmt":"2023-03-16T10:27:54","guid":{"rendered":"http:\/\/hostinger.gourmetmarket.lv\/product\/%d0%bc%d0%b8%d0%ba%d1%81-%d0%bb%d1%83%d0%ba%d1%83%d0%bc-%d1%81-%d0%ba%d1%80%d0%b5%d0%bc%d0%be%d0%bc\/"},"modified":"2025-06-21T10:58:08","modified_gmt":"2025-06-21T07:58:08","slug":"mix-lukums-ar-kremu","status":"publish","type":"product","link":"https:\/\/gourmetmarket.lv\/ru\/product\/mix-lukums-ar-kremu\/","title":{"rendered":"\u041c\u0418\u041a\u0421 \u041b\u0443\u043a\u0443\u043c \u0441\u043e \u043a\u0440\u0435\u043c\u043e\u043c 600\u0433\u0440. (\u00b140\u0433\u0440.)"},"content":{"rendered":"<p>\u0412\u043e\u0441\u0442\u043e\u0447\u043d\u044b\u0435 \u0441\u043b\u0430\u0434\u043e\u0441\u0442\u0438 \u0440\u0443\u0447\u043d\u043e\u0439 \u0440\u0430\u0431\u043e\u0442\u044b \u0438\u0437 \u043d\u0430\u0442\u0443\u0440\u0430\u043b\u044c\u043d\u044b\u0445 \u0438\u043d\u0433\u0440\u0435\u0434\u0438\u0435\u043d\u0442\u043e\u0432 \u0438 \u0441 \u043f\u0440\u0438\u044f\u0442\u043d\u044b\u043c \u0432\u043a\u0443\u0441\u043e\u043c. \u041d\u0430\u0431\u043e\u0440 \u043a\u0440\u0435\u043c\u043e\u0432\u044b\u0445 \u043b\u0443\u043a\u0443\u043c\u043e\u0432 &#8211; \u043f\u043e\u0431\u0430\u043b\u0443\u0439\u0442\u0435 \u0441\u0435\u0431\u044f \u0440\u0430\u0437\u043d\u043e\u043e\u0431\u0440\u0430\u0437\u043d\u044b\u043c\u0438 \u0441\u043b\u0430\u0434\u043e\u0441\u0442\u044f\u043c\u0438. \u0411\u0430\u043d\u0430\u043d\u043e\u0432\u043e-\u0432\u0438\u0448\u043d\u0435\u0432\u044b\u0439 \u043b\u0443\u043a\u0443\u043c \u0441 \u043c\u0438\u043d\u0434\u0430\u043b\u0435\u043c \u0438 \u043a\u0440\u0435\u043c\u043e\u043c, \u043e\u0440\u0435\u0445\u043e\u0432\u044b\u0439 \u043b\u0443\u043a\u0443\u043c \u0441 \u043e\u0440\u0435\u0445\u043e\u0432\u044b\u043c \u043a\u0440\u0435\u043c\u043e\u043c, \u043c\u0438\u043d\u0434\u0430\u043b\u044c\u043d\u044b\u0439 \u043b\u0443\u043a\u0443\u043c \u0441 \u043a\u043e\u043a\u043e\u0441\u043e\u043c \u0438 \u043a\u0440\u0435\u043c\u043e\u043c \u0438 \u041b\u042e\u041a\u0421 \u043b\u0443\u043a\u0443\u043c \u0441 \u0444\u0438\u0441\u0442\u0430\u0448\u043a\u0430\u043c\u0438 \u0438 \u043e\u0440\u0435\u0445\u043e\u0432\u044b\u043c \u043a\u0440\u0435\u043c\u043e\u043c &#8211; \u043f\u043e\u043b\u043d\u0430\u044f \u0433\u0430\u0440\u043c\u043e\u043d\u0438\u044f \u0432\u043a\u0443\u0441\u043e\u0432.<\/p>\n","protected":false},"excerpt":{"rendered":"<p>Rok\u0101m darin\u0101ti austrumu saldumi ar dab\u012bg\u0101m sast\u0101vda\u013c\u0101m un pat\u012bkamu gar\u0161u. \u041d\u0430\u0431\u043e\u0440 \u043a\u0440\u0435\u043c\u043e\u0432\u044b\u0445 \u043b\u0443\u043a\u0443\u043c\u043e\u0432 &#8211; \u043f\u043e\u0431\u0430\u043b\u0443\u0439\u0442\u0435 \u0441\u0435\u0431\u044f \u0440\u0430\u0437\u043d\u043e\u043e\u0431\u0440\u0430\u0437\u043d\u044b\u043c\u0438 \u0441\u043b\u0430\u0434\u043e\u0441\u0442\u044f\u043c\u0438. Ban\u0101nu un \u0137ir\u0161u&#8230;  <\/p>\n","protected":false},"featured_media":11947,"comment_status":"open","ping_status":"closed","template":"","meta":[],"product_brand":[],"product_cat":[234,258,90],"product_tag":[],"class_list":{"0":"post-9495","1":"product","2":"type-product","3":"status-publish","4":"has-post-thumbnail","6":"product_cat---ru","7":"product_cat-nabori","8":"product_cat-90","10":"first","11":"outofstock","12":"featured","13":"taxable","14":"shipping-taxable","15":"purchasable","16":"product-type-simple"},"_links":{"self":[{"href":"https:\/\/gourmetmarket.lv\/ru\/wp-json\/wp\/v2\/product\/9495","targetHints":{"allow":["GET"]}}],"collection":[{"href":"https:\/\/gourmetmarket.lv\/ru\/wp-json\/wp\/v2\/product"}],"about":[{"href":"https:\/\/gourmetmarket.lv\/ru\/wp-json\/wp\/v2\/types\/product"}],"replies":[{"embeddable":true,"href":"https:\/\/gourmetmarket.lv\/ru\/wp-json\/wp\/v2\/comments?post=9495"}],"version-history":[{"count":8,"href":"https:\/\/gourmetmarket.lv\/ru\/wp-json\/wp\/v2\/product\/9495\/revisions"}],"predecessor-version":[{"id":14177,"href":"https:\/\/gourmetmarket.lv\/ru\/wp-json\/wp\/v2\/product\/9495\/revisions\/14177"}],"wp:featuredmedia":[{"embeddable":true,"href":"https:\/\/gourmetmarket.lv\/ru\/wp-json\/wp\/v2\/media\/11947"}],"wp:attachment":[{"href":"https:\/\/gourmetmarket.lv\/ru\/wp-json\/wp\/v2\/media?parent=9495"}],"wp:term":[{"taxonomy":"product_brand","embeddable":true,"href":"https:\/\/gourmetmarket.lv\/ru\/wp-json\/wp\/v2\/product_brand?post=9495"},{"taxonomy":"product_cat","embeddable":true,"href":"https:\/\/gourmetmarket.lv\/ru\/wp-json\/wp\/v2\/product_cat?post=9495"},{"taxonomy":"product_tag","embeddable":true,"href":"https:\/\/gourmetmarket.lv\/ru\/wp-json\/wp\/v2\/product_tag?post=9495"}],"curies":[{"name":"wp","href":"https:\/\/api.w.org\/{rel}","templated":true}]}}