{"id":15995,"date":"2025-02-17T11:38:15","date_gmt":"2025-02-17T09:38:15","guid":{"rendered":"https:\/\/gourmetmarket.lv\/product\/lazdu-rieksti-parklati-ar-tumso-sokoladi-3-kg-ed005\/"},"modified":"2025-03-05T10:55:25","modified_gmt":"2025-03-05T08:55:25","slug":"lazdu-rieksti-parklati-ar-tumso-sokoladi-3-kg-ed005","status":"publish","type":"product","link":"https:\/\/gourmetmarket.lv\/ru\/product\/lazdu-rieksti-parklati-ar-tumso-sokoladi-3-kg-ed005\/","title":{"rendered":"LAZDU RIEKSTI P\u0100RKL\u0100TI AR TUM\u0160O \u0160OKOL\u0100DI 3 kg ED005"},"content":{"rendered":"","protected":false},"excerpt":{"rendered":"","protected":false},"featured_media":13814,"comment_status":"closed","ping_status":"closed","template":"","meta":[],"product_brand":[],"product_cat":[53,243,271,269],"product_tag":[],"class_list":{"0":"post-15995","1":"product","2":"type-product","3":"status-publish","4":"has-post-thumbnail","6":"product_cat-53","7":"product_cat-sladosti-ru","8":"product_cat-271","9":"product_cat-269","11":"first","12":"instock","13":"taxable","14":"shipping-taxable","15":"purchasable","16":"product-type-simple"},"_links":{"self":[{"href":"https:\/\/gourmetmarket.lv\/ru\/wp-json\/wp\/v2\/product\/15995","targetHints":{"allow":["GET"]}}],"collection":[{"href":"https:\/\/gourmetmarket.lv\/ru\/wp-json\/wp\/v2\/product"}],"about":[{"href":"https:\/\/gourmetmarket.lv\/ru\/wp-json\/wp\/v2\/types\/product"}],"replies":[{"embeddable":true,"href":"https:\/\/gourmetmarket.lv\/ru\/wp-json\/wp\/v2\/comments?post=15995"}],"version-history":[{"count":1,"href":"https:\/\/gourmetmarket.lv\/ru\/wp-json\/wp\/v2\/product\/15995\/revisions"}],"predecessor-version":[{"id":15999,"href":"https:\/\/gourmetmarket.lv\/ru\/wp-json\/wp\/v2\/product\/15995\/revisions\/15999"}],"wp:featuredmedia":[{"embeddable":true,"href":"https:\/\/gourmetmarket.lv\/ru\/wp-json\/wp\/v2\/media\/13814"}],"wp:attachment":[{"href":"https:\/\/gourmetmarket.lv\/ru\/wp-json\/wp\/v2\/media?parent=15995"}],"wp:term":[{"taxonomy":"product_brand","embeddable":true,"href":"https:\/\/gourmetmarket.lv\/ru\/wp-json\/wp\/v2\/product_brand?post=15995"},{"taxonomy":"product_cat","embeddable":true,"href":"https:\/\/gourmetmarket.lv\/ru\/wp-json\/wp\/v2\/product_cat?post=15995"},{"taxonomy":"product_tag","embeddable":true,"href":"https:\/\/gourmetmarket.lv\/ru\/wp-json\/wp\/v2\/product_tag?post=15995"}],"curies":[{"name":"wp","href":"https:\/\/api.w.org\/{rel}","templated":true}]}}