{"id":14952,"date":"2024-05-30T12:20:42","date_gmt":"2024-05-30T09:20:42","guid":{"rendered":"https:\/\/gourmetmarket.lv\/product\/mezrozisu-dabigais-borhill-skidrais-ekstrakts-200g\/"},"modified":"2026-02-11T10:58:37","modified_gmt":"2026-02-11T08:58:37","slug":"mezrozisu-dabigais-borhill-skidrais-ekstrakts-200g","status":"publish","type":"product","link":"https:\/\/gourmetmarket.lv\/ru\/product\/mezrozisu-dabigais-borhill-skidrais-ekstrakts-200g\/","title":{"rendered":"ME\u017dROZ\u012a\u0160U DAB\u012aGAIS BORHILL \u0160\u0136IDRAIS EKSTRAKTS 200G"},"content":{"rendered":"<p>Me\u017eroz\u012b\u0161u \u0161\u0137\u012bsto\u0161ais \u0161\u0137idrums &#8211; 100% dab\u012bgs produkts, \u0161\u0137\u012bst \u016bden\u012b. Nesatur \u0122MO un nesatur glut\u0113nu. M\u0113ren\u0101 daudzum\u0101 maltas me\u017eroz\u012b\u0161u aug\u013cus ieteicams lietot gr\u016btniec\u0113m un m\u0101t\u0113m, kas baro b\u0113rnu ar kr\u016bti. Pateicoties unik\u0101lajam ro\u017eu gurnu apstr\u0101des tehnolo\u0123iskajam procesam, \u017e\u0101v\u0113tais dz\u0113riens saglab\u0101 visas der\u012bg\u0101s sast\u0101vda\u013cas, vitam\u012bnus un mikroelementus. Noder ar\u012b, piem\u0113ram, me\u017eroz\u012b\u0161u s\u012brups. Viena tase ogu dz\u0113riena dien\u0101 pal\u012bdz\u0113s kompens\u0113t sezon\u0101lo vitam\u012bnu tr\u016bkumu.<\/p>\n","protected":false},"excerpt":{"rendered":"<p>Me\u017eroz\u012b\u0161u \u0161\u0137\u012bsto\u0161ais \u0161\u0137idrums &#8211; 100% dab\u012bgs produkts, \u0161\u0137\u012bst \u016bden\u012b. Nesatur \u0122MO un nesatur glut\u0113nu. M\u0113ren\u0101 daudzum\u0101 maltas me\u017eroz\u012b\u0161u aug\u013cus ieteicams lietot gr\u016btniec\u0113m un m\u0101t\u0113m, kas baro b\u0113rnu ar kr\u016bti. Pateicoties unik\u0101lajam ro\u017eu gurnu apstr\u0101des tehnolo\u0123iskajam procesam, \u017e\u0101v\u0113tais dz\u0113riens saglab\u0101 visas der\u012bg\u0101s sast\u0101vda\u013cas, vitam\u012bnus un mikroelementus. Noder ar\u012b, piem\u0113ram, me\u017eroz\u012b\u0161u s\u012brups. Viena tase ogu dz\u0113riena dien\u0101 [&hellip;]<\/p>\n","protected":false},"featured_media":14924,"comment_status":"closed","ping_status":"closed","template":"","meta":[],"product_brand":[],"product_cat":[306,237,141],"product_tag":[],"class_list":{"0":"post-14952","1":"product","2":"type-product","3":"status-publish","4":"has-post-thumbnail","6":"product_cat-dzerieni-ru","7":"product_cat-piedevas-ru","8":"product_cat-141","10":"first","11":"outofstock","12":"taxable","13":"shipping-taxable","14":"purchasable","15":"product-type-simple"},"_links":{"self":[{"href":"https:\/\/gourmetmarket.lv\/ru\/wp-json\/wp\/v2\/product\/14952","targetHints":{"allow":["GET"]}}],"collection":[{"href":"https:\/\/gourmetmarket.lv\/ru\/wp-json\/wp\/v2\/product"}],"about":[{"href":"https:\/\/gourmetmarket.lv\/ru\/wp-json\/wp\/v2\/types\/product"}],"replies":[{"embeddable":true,"href":"https:\/\/gourmetmarket.lv\/ru\/wp-json\/wp\/v2\/comments?post=14952"}],"version-history":[{"count":1,"href":"https:\/\/gourmetmarket.lv\/ru\/wp-json\/wp\/v2\/product\/14952\/revisions"}],"predecessor-version":[{"id":14956,"href":"https:\/\/gourmetmarket.lv\/ru\/wp-json\/wp\/v2\/product\/14952\/revisions\/14956"}],"wp:featuredmedia":[{"embeddable":true,"href":"https:\/\/gourmetmarket.lv\/ru\/wp-json\/wp\/v2\/media\/14924"}],"wp:attachment":[{"href":"https:\/\/gourmetmarket.lv\/ru\/wp-json\/wp\/v2\/media?parent=14952"}],"wp:term":[{"taxonomy":"product_brand","embeddable":true,"href":"https:\/\/gourmetmarket.lv\/ru\/wp-json\/wp\/v2\/product_brand?post=14952"},{"taxonomy":"product_cat","embeddable":true,"href":"https:\/\/gourmetmarket.lv\/ru\/wp-json\/wp\/v2\/product_cat?post=14952"},{"taxonomy":"product_tag","embeddable":true,"href":"https:\/\/gourmetmarket.lv\/ru\/wp-json\/wp\/v2\/product_tag?post=14952"}],"curies":[{"name":"wp","href":"https:\/\/api.w.org\/{rel}","templated":true}]}}