{"id":14566,"date":"2024-05-13T11:26:37","date_gmt":"2024-05-13T08:26:37","guid":{"rendered":"https:\/\/gourmetmarket.lv\/product\/ataman-teja-100gr\/"},"modified":"2025-05-29T16:26:59","modified_gmt":"2025-05-29T13:26:59","slug":"ataman-teja-100gr","status":"publish","type":"product","link":"https:\/\/gourmetmarket.lv\/ru\/product\/ataman-teja-100gr\/","title":{"rendered":"ATAMAN t\u0113ja 100gr."},"content":{"rendered":"","protected":false},"excerpt":{"rendered":"<p>Vasara tav\u0101 tas\u012bt\u0113<\/p>\n","protected":false},"featured_media":14521,"comment_status":"closed","ping_status":"closed","template":"","meta":[],"product_brand":[],"product_cat":[198,139],"product_tag":[],"class_list":{"0":"post-14566","1":"product","2":"type-product","3":"status-publish","4":"has-post-thumbnail","6":"product_cat-teja-un-dzerieni-ru","7":"product_cat-teja-ru","9":"first","10":"instock","11":"taxable","12":"shipping-taxable","13":"purchasable","14":"product-type-simple"},"_links":{"self":[{"href":"https:\/\/gourmetmarket.lv\/ru\/wp-json\/wp\/v2\/product\/14566","targetHints":{"allow":["GET"]}}],"collection":[{"href":"https:\/\/gourmetmarket.lv\/ru\/wp-json\/wp\/v2\/product"}],"about":[{"href":"https:\/\/gourmetmarket.lv\/ru\/wp-json\/wp\/v2\/types\/product"}],"replies":[{"embeddable":true,"href":"https:\/\/gourmetmarket.lv\/ru\/wp-json\/wp\/v2\/comments?post=14566"}],"version-history":[{"count":1,"href":"https:\/\/gourmetmarket.lv\/ru\/wp-json\/wp\/v2\/product\/14566\/revisions"}],"predecessor-version":[{"id":14570,"href":"https:\/\/gourmetmarket.lv\/ru\/wp-json\/wp\/v2\/product\/14566\/revisions\/14570"}],"wp:featuredmedia":[{"embeddable":true,"href":"https:\/\/gourmetmarket.lv\/ru\/wp-json\/wp\/v2\/media\/14521"}],"wp:attachment":[{"href":"https:\/\/gourmetmarket.lv\/ru\/wp-json\/wp\/v2\/media?parent=14566"}],"wp:term":[{"taxonomy":"product_brand","embeddable":true,"href":"https:\/\/gourmetmarket.lv\/ru\/wp-json\/wp\/v2\/product_brand?post=14566"},{"taxonomy":"product_cat","embeddable":true,"href":"https:\/\/gourmetmarket.lv\/ru\/wp-json\/wp\/v2\/product_cat?post=14566"},{"taxonomy":"product_tag","embeddable":true,"href":"https:\/\/gourmetmarket.lv\/ru\/wp-json\/wp\/v2\/product_tag?post=14566"}],"curies":[{"name":"wp","href":"https:\/\/api.w.org\/{rel}","templated":true}]}}