{"id":9497,"date":"2023-03-16T12:27:54","date_gmt":"2023-03-16T10:27:54","guid":{"rendered":"http:\/\/hostinger.gourmetmarket.lv\/product\/mix-lukum-with-cream\/"},"modified":"2025-09-10T09:03:43","modified_gmt":"2025-09-10T06:03:43","slug":"mix-lukums-ar-kremu","status":"publish","type":"product","link":"https:\/\/gourmetmarket.lv\/lt\/produktas\/mix-lukums-ar-kremu\/","title":{"rendered":"Kreminio lukumo rinkinys (MIX), 600gr (\u00b140gr)"},"content":{"rendered":"<p>Rank\u0173 darbo malonaus skonio rytieti\u0161ki saldumynai i\u0161 nat\u016brali\u0173 ingredient\u0173.<br \/>\nKreminio lukumo rinkinys \u2013 palepinkite save \u012fvairiaus skonio lukumu.<br \/>\nBanan\u0173 ir vy\u0161ni\u0173 lukumas su migdol\u0173 kremu, graikini\u0173 rie\u0161ut\u0173 lukumas su lazdyno rie\u0161ut\u0173 kremu, migdol\u0173 lukumas su kokoso kremu, bei prabangus LUX lukumas su pistacijomis ir lazdyno rie\u0161ut\u0173 kremu \u2013 visi\u0161ka skoni\u0173 harmonija.<\/p>\n","protected":false},"excerpt":{"rendered":"<p>Rank\u0173 darbo malonaus skonio rytieti\u0161ki saldumynai i\u0161 nat\u016brali\u0173 ingredient\u0173. Kreminio lukumo rinkinys \u2013 palepinkite save \u012fvairiaus skonio lukumu. Banan\u0173 ir vy\u0161ni\u0173 lukumas su migdol\u0173 kremu, graikini\u0173 rie\u0161ut\u0173 lukumas su lazdyno rie\u0161ut\u0173 kremu, migdol\u0173 lukumas su kokoso kremu, bei prabangus LUX lukumas su pistacijomis ir lazdyno rie\u0161ut\u0173 kremu \u2013 visi\u0161ka skoni\u0173 harmonija.<\/p>\n","protected":false},"featured_media":11946,"comment_status":"open","ping_status":"closed","template":"","meta":[],"product_brand":[],"product_cat":[236,259,163],"product_tag":[],"class_list":{"0":"post-9497","1":"product","2":"type-product","3":"status-publish","4":"has-post-thumbnail","6":"product_cat-austrumu-saldumi-lt","7":"product_cat-rinkiniai","8":"product_cat-lukumas-lt","10":"first","11":"outofstock","12":"featured","13":"taxable","14":"shipping-taxable","15":"purchasable","16":"product-type-simple"},"_links":{"self":[{"href":"https:\/\/gourmetmarket.lv\/lt\/wp-json\/wp\/v2\/product\/9497","targetHints":{"allow":["GET"]}}],"collection":[{"href":"https:\/\/gourmetmarket.lv\/lt\/wp-json\/wp\/v2\/product"}],"about":[{"href":"https:\/\/gourmetmarket.lv\/lt\/wp-json\/wp\/v2\/types\/product"}],"replies":[{"embeddable":true,"href":"https:\/\/gourmetmarket.lv\/lt\/wp-json\/wp\/v2\/comments?post=9497"}],"version-history":[{"count":10,"href":"https:\/\/gourmetmarket.lv\/lt\/wp-json\/wp\/v2\/product\/9497\/revisions"}],"predecessor-version":[{"id":10998,"href":"https:\/\/gourmetmarket.lv\/lt\/wp-json\/wp\/v2\/product\/9497\/revisions\/10998"}],"wp:featuredmedia":[{"embeddable":true,"href":"https:\/\/gourmetmarket.lv\/lt\/wp-json\/wp\/v2\/media\/11946"}],"wp:attachment":[{"href":"https:\/\/gourmetmarket.lv\/lt\/wp-json\/wp\/v2\/media?parent=9497"}],"wp:term":[{"taxonomy":"product_brand","embeddable":true,"href":"https:\/\/gourmetmarket.lv\/lt\/wp-json\/wp\/v2\/product_brand?post=9497"},{"taxonomy":"product_cat","embeddable":true,"href":"https:\/\/gourmetmarket.lv\/lt\/wp-json\/wp\/v2\/product_cat?post=9497"},{"taxonomy":"product_tag","embeddable":true,"href":"https:\/\/gourmetmarket.lv\/lt\/wp-json\/wp\/v2\/product_tag?post=9497"}],"curies":[{"name":"wp","href":"https:\/\/api.w.org\/{rel}","templated":true}]}}