{"id":6606,"date":"2023-02-21T15:49:43","date_gmt":"2023-02-21T13:49:43","guid":{"rendered":"http:\/\/hostinger.gourmetmarket.lv\/product\/kirsu-pipari-pilditi-ar-sieru-290gr-2\/"},"modified":"2023-08-11T20:05:35","modified_gmt":"2023-08-11T17:05:35","slug":"kirsu-pipari-pilditi-ar-sieru-290gr-2","status":"publish","type":"product","link":"https:\/\/gourmetmarket.lv\/lt\/produktas\/kirsu-pipari-pilditi-ar-sieru-290gr-2\/","title":{"rendered":"Raudonios vy\u0161nin\u0117s paprikos \u012fdarytos s\u016briu, 290gr"},"content":{"rendered":"<p>I\u0161skirtinio skonio raudonosios vy\u0161nin\u0117s paprikos \u012fdarytos s\u016briu. Eg\u0117jo j\u016bros regione i\u0161 \u0161vie\u017eiausi\u0173 \u0161io sezono derliaus nuskintos vy\u0161nin\u0117s paprikos yra marinuotos, rai\u017eytos ir kruop\u0161\u010diai \u012fdarytos kreminio s\u016brio ir var\u0161k\u0117s mi\u0161iniu maloniai glostan\u010diu gomur\u012f.<\/p>\n","protected":false},"excerpt":{"rendered":"<p>I\u0161skirtinio skonio raudonosios vy\u0161nin\u0117s paprikos \u012fdarytos s\u016briu. Eg\u0117jo j\u016bros regione i\u0161 \u0161vie\u017eiausi\u0173 \u0161io sezono derliaus nuskintos vy\u0161nin\u0117s paprikos yra marinuotos, rai\u017eytos ir kruop\u0161\u010diai \u012fdarytos kreminio s\u016brio ir var\u0161k\u0117s mi\u0161iniu maloniai glostan\u010diu gomur\u012f.<\/p>\n","protected":false},"featured_media":11765,"comment_status":"open","ping_status":"closed","template":"","meta":[],"product_brand":[],"product_cat":[170,242,174],"product_tag":[],"class_list":{"0":"post-6606","1":"product","2":"type-product","3":"status-publish","4":"has-post-thumbnail","6":"product_cat-antipasti-lt","7":"product_cat-uzkodas-lt","8":"product_cat-pipirai-lt","10":"first","11":"instock","12":"featured","13":"taxable","14":"shipping-taxable","15":"purchasable","16":"product-type-simple"},"_links":{"self":[{"href":"https:\/\/gourmetmarket.lv\/lt\/wp-json\/wp\/v2\/product\/6606","targetHints":{"allow":["GET"]}}],"collection":[{"href":"https:\/\/gourmetmarket.lv\/lt\/wp-json\/wp\/v2\/product"}],"about":[{"href":"https:\/\/gourmetmarket.lv\/lt\/wp-json\/wp\/v2\/types\/product"}],"replies":[{"embeddable":true,"href":"https:\/\/gourmetmarket.lv\/lt\/wp-json\/wp\/v2\/comments?post=6606"}],"version-history":[{"count":8,"href":"https:\/\/gourmetmarket.lv\/lt\/wp-json\/wp\/v2\/product\/6606\/revisions"}],"predecessor-version":[{"id":10999,"href":"https:\/\/gourmetmarket.lv\/lt\/wp-json\/wp\/v2\/product\/6606\/revisions\/10999"}],"wp:featuredmedia":[{"embeddable":true,"href":"https:\/\/gourmetmarket.lv\/lt\/wp-json\/wp\/v2\/media\/11765"}],"wp:attachment":[{"href":"https:\/\/gourmetmarket.lv\/lt\/wp-json\/wp\/v2\/media?parent=6606"}],"wp:term":[{"taxonomy":"product_brand","embeddable":true,"href":"https:\/\/gourmetmarket.lv\/lt\/wp-json\/wp\/v2\/product_brand?post=6606"},{"taxonomy":"product_cat","embeddable":true,"href":"https:\/\/gourmetmarket.lv\/lt\/wp-json\/wp\/v2\/product_cat?post=6606"},{"taxonomy":"product_tag","embeddable":true,"href":"https:\/\/gourmetmarket.lv\/lt\/wp-json\/wp\/v2\/product_tag?post=6606"}],"curies":[{"name":"wp","href":"https:\/\/api.w.org\/{rel}","templated":true}]}}