{"id":5341,"date":"2023-02-14T10:53:23","date_gmt":"2023-02-14T08:53:23","guid":{"rendered":"http:\/\/hostinger.gourmetmarket.lv\/product\/granatabolu-lukum-ar-lazdu-riekstiem-unsokolades-kremu\/"},"modified":"2024-12-30T22:31:59","modified_gmt":"2024-12-30T20:31:59","slug":"granatabolu-lukum-ar-lazdu-riekstiem-unsokolades-kremu","status":"publish","type":"product","link":"https:\/\/gourmetmarket.lv\/lt\/produktas\/granatabolu-lukum-ar-lazdu-riekstiem-unsokolades-kremu\/","title":{"rendered":"Lukumas su lazdyno rie\u0161utais, pistacijomis ir \u0161okoladiniu kremu (custom 102)"},"content":{"rendered":"<p>Rank\u0173 darbo malonaus skonio rytieti\u0161ki saldumynai i\u0161 nat\u016brali\u0173 ingredient\u0173. Lukumas su \u0161okoladiniu kremu, sveikais lazdyno rie\u0161utai pabarstytas skaldytomis pistacijomis.<\/p>\n","protected":false},"excerpt":{"rendered":"<p>Rank\u0173 darbo malonaus skonio rytieti\u0161ki saldumynai i\u0161 nat\u016brali\u0173 ingredient\u0173. Lukumas su \u0161okoladiniu kremu, sveikais lazdyno rie\u0161utai pabarstytas skaldytomis pistacijomis.<\/p>\n","protected":false},"featured_media":5321,"comment_status":"open","ping_status":"closed","template":"","meta":[],"product_brand":[],"product_cat":[81,236,163],"product_tag":[],"class_list":{"0":"post-5341","1":"product","2":"type-product","3":"status-publish","4":"has-post-thumbnail","6":"product_cat-saldainiai","7":"product_cat-austrumu-saldumi-lt","8":"product_cat-lukumas-lt","10":"first","11":"instock","12":"featured","13":"taxable","14":"shipping-taxable","15":"purchasable","16":"product-type-simple"},"_links":{"self":[{"href":"https:\/\/gourmetmarket.lv\/lt\/wp-json\/wp\/v2\/product\/5341","targetHints":{"allow":["GET"]}}],"collection":[{"href":"https:\/\/gourmetmarket.lv\/lt\/wp-json\/wp\/v2\/product"}],"about":[{"href":"https:\/\/gourmetmarket.lv\/lt\/wp-json\/wp\/v2\/types\/product"}],"replies":[{"embeddable":true,"href":"https:\/\/gourmetmarket.lv\/lt\/wp-json\/wp\/v2\/comments?post=5341"}],"version-history":[{"count":10,"href":"https:\/\/gourmetmarket.lv\/lt\/wp-json\/wp\/v2\/product\/5341\/revisions"}],"predecessor-version":[{"id":10866,"href":"https:\/\/gourmetmarket.lv\/lt\/wp-json\/wp\/v2\/product\/5341\/revisions\/10866"}],"wp:featuredmedia":[{"embeddable":true,"href":"https:\/\/gourmetmarket.lv\/lt\/wp-json\/wp\/v2\/media\/5321"}],"wp:attachment":[{"href":"https:\/\/gourmetmarket.lv\/lt\/wp-json\/wp\/v2\/media?parent=5341"}],"wp:term":[{"taxonomy":"product_brand","embeddable":true,"href":"https:\/\/gourmetmarket.lv\/lt\/wp-json\/wp\/v2\/product_brand?post=5341"},{"taxonomy":"product_cat","embeddable":true,"href":"https:\/\/gourmetmarket.lv\/lt\/wp-json\/wp\/v2\/product_cat?post=5341"},{"taxonomy":"product_tag","embeddable":true,"href":"https:\/\/gourmetmarket.lv\/lt\/wp-json\/wp\/v2\/product_tag?post=5341"}],"curies":[{"name":"wp","href":"https:\/\/api.w.org\/{rel}","templated":true}]}}