{"id":5143,"date":"2023-02-13T14:09:46","date_gmt":"2023-02-13T12:09:46","guid":{"rendered":"http:\/\/hostinger.gourmetmarket.lv\/product\/valrieksti-tumsa-vinogu-sula\/"},"modified":"2024-12-30T22:31:59","modified_gmt":"2024-12-30T20:31:59","slug":"valrieksti-tumsa-vinogu-sula","status":"publish","type":"product","link":"https:\/\/gourmetmarket.lv\/lt\/produktas\/valrieksti-tumsa-vinogu-sula\/","title":{"rendered":"Sud\u017eukas su graikiniais rie\u0161utais tamsi\u0173 vynuogi\u0173 sirupe"},"content":{"rendered":"<p>Naudodami pana\u0161i\u0105 technologij\u0105 kaip Gruzijoje gaminam\u0173 \u010dur\u010dchel\u0173, Turkijoje gaminamas tamsi\u0173 arba \u0161viesi\u0173 vynuogi\u0173 sul\u010di\u0173 sud\u017eukas su graikiniais arba lazdyno rie\u0161utais.<\/p>\n","protected":false},"excerpt":{"rendered":"<p>Naudodami pana\u0161i\u0105 technologij\u0105 kaip Gruzijoje gaminam\u0173 \u010dur\u010dchel\u0173, Turkijoje gaminamas tamsi\u0173 arba \u0161viesi\u0173 vynuogi\u0173 sul\u010di\u0173 sud\u017eukas su graikiniais arba lazdyno rie\u0161utais.<\/p>\n","protected":false},"featured_media":5406,"comment_status":"open","ping_status":"closed","template":"","meta":[],"product_brand":[],"product_cat":[81,236,175],"product_tag":[],"class_list":{"0":"post-5143","1":"product","2":"type-product","3":"status-publish","4":"has-post-thumbnail","6":"product_cat-saldainiai","7":"product_cat-austrumu-saldumi-lt","8":"product_cat-sudzukas-lt","10":"first","11":"instock","12":"featured","13":"taxable","14":"shipping-taxable","15":"purchasable","16":"product-type-simple"},"_links":{"self":[{"href":"https:\/\/gourmetmarket.lv\/lt\/wp-json\/wp\/v2\/product\/5143","targetHints":{"allow":["GET"]}}],"collection":[{"href":"https:\/\/gourmetmarket.lv\/lt\/wp-json\/wp\/v2\/product"}],"about":[{"href":"https:\/\/gourmetmarket.lv\/lt\/wp-json\/wp\/v2\/types\/product"}],"replies":[{"embeddable":true,"href":"https:\/\/gourmetmarket.lv\/lt\/wp-json\/wp\/v2\/comments?post=5143"}],"version-history":[{"count":5,"href":"https:\/\/gourmetmarket.lv\/lt\/wp-json\/wp\/v2\/product\/5143\/revisions"}],"predecessor-version":[{"id":10983,"href":"https:\/\/gourmetmarket.lv\/lt\/wp-json\/wp\/v2\/product\/5143\/revisions\/10983"}],"wp:featuredmedia":[{"embeddable":true,"href":"https:\/\/gourmetmarket.lv\/lt\/wp-json\/wp\/v2\/media\/5406"}],"wp:attachment":[{"href":"https:\/\/gourmetmarket.lv\/lt\/wp-json\/wp\/v2\/media?parent=5143"}],"wp:term":[{"taxonomy":"product_brand","embeddable":true,"href":"https:\/\/gourmetmarket.lv\/lt\/wp-json\/wp\/v2\/product_brand?post=5143"},{"taxonomy":"product_cat","embeddable":true,"href":"https:\/\/gourmetmarket.lv\/lt\/wp-json\/wp\/v2\/product_cat?post=5143"},{"taxonomy":"product_tag","embeddable":true,"href":"https:\/\/gourmetmarket.lv\/lt\/wp-json\/wp\/v2\/product_tag?post=5143"}],"curies":[{"name":"wp","href":"https:\/\/api.w.org\/{rel}","templated":true}]}}