{"id":4746,"date":"2023-02-03T14:59:12","date_gmt":"2023-02-03T12:59:12","guid":{"rendered":"http:\/\/hostinger.gourmetmarket.lv\/product\/marineti-kalteti-tomati-1-25-kg\/"},"modified":"2023-04-12T15:44:32","modified_gmt":"2023-04-12T12:44:32","slug":"marineti-kalteti-tomati-1-25-kg","status":"publish","type":"product","link":"https:\/\/gourmetmarket.lv\/lt\/produktas\/marineti-kalteti-tomati-1-25-kg\/","title":{"rendered":"Saul\u0117je d\u017eiovinti pomidorai, 1.25kg"},"content":{"rendered":"<p>\u0160ie saul\u0117je d\u017eiovinti pomidorai gaminami kaip saul\u0117je d\u017eiovint\u0173 pomidor\u0173, aliejaus ir prieskoni\u0173 mi\u0161inys, suteikiantis j\u016bs\u0173 stalui nepakartojamo skonio ir spalv\u0173. Auk\u0161\u010diausios kokyb\u0117s Eg\u0117jo j\u016bros regione nuskinti pomidorai nat\u016braliu b\u016bdu d\u017eiovinami saul\u0117je, o v\u0117liau pagardinami i\u0161skirtiniais prieskoniais gamykloje. Puikiai tinka prie pusry\u010di\u0173 stalo, duonos riekel\u0117s, omleto ir makaron\u0173. Taip pat puikiai tinka sriuboms.<\/p>\n","protected":false},"excerpt":{"rendered":"<p>\u0160ie saul\u0117je d\u017eiovinti pomidorai gaminami kaip saul\u0117je d\u017eiovint\u0173 pomidor\u0173, aliejaus ir prieskoni\u0173 mi\u0161inys, suteikiantis j\u016bs\u0173 stalui nepakartojamo skonio ir spalv\u0173. Auk\u0161\u010diausios kokyb\u0117s Eg\u0117jo j\u016bros regione nuskinti pomidorai nat\u016braliu b\u016bdu d\u017eiovinami saul\u0117je, o v\u0117liau pagardinami i\u0161skirtiniais prieskoniais gamykloje. Puikiai tinka prie pusry\u010di\u0173 stalo, duonos riekel\u0117s, omleto ir makaron\u0173. Taip pat puikiai tinka sriuboms.<\/p>\n","protected":false},"featured_media":11885,"comment_status":"open","ping_status":"closed","template":"","meta":[],"product_brand":[],"product_cat":[170,242,173],"product_tag":[],"class_list":{"0":"post-4746","1":"product","2":"type-product","3":"status-publish","4":"has-post-thumbnail","6":"product_cat-antipasti-lt","7":"product_cat-uzkodas-lt","8":"product_cat-tomati-lt","10":"first","11":"instock","12":"featured","13":"taxable","14":"shipping-taxable","15":"purchasable","16":"product-type-simple"},"_links":{"self":[{"href":"https:\/\/gourmetmarket.lv\/lt\/wp-json\/wp\/v2\/product\/4746","targetHints":{"allow":["GET"]}}],"collection":[{"href":"https:\/\/gourmetmarket.lv\/lt\/wp-json\/wp\/v2\/product"}],"about":[{"href":"https:\/\/gourmetmarket.lv\/lt\/wp-json\/wp\/v2\/types\/product"}],"replies":[{"embeddable":true,"href":"https:\/\/gourmetmarket.lv\/lt\/wp-json\/wp\/v2\/comments?post=4746"}],"version-history":[{"count":4,"href":"https:\/\/gourmetmarket.lv\/lt\/wp-json\/wp\/v2\/product\/4746\/revisions"}],"predecessor-version":[{"id":11003,"href":"https:\/\/gourmetmarket.lv\/lt\/wp-json\/wp\/v2\/product\/4746\/revisions\/11003"}],"wp:featuredmedia":[{"embeddable":true,"href":"https:\/\/gourmetmarket.lv\/lt\/wp-json\/wp\/v2\/media\/11885"}],"wp:attachment":[{"href":"https:\/\/gourmetmarket.lv\/lt\/wp-json\/wp\/v2\/media?parent=4746"}],"wp:term":[{"taxonomy":"product_brand","embeddable":true,"href":"https:\/\/gourmetmarket.lv\/lt\/wp-json\/wp\/v2\/product_brand?post=4746"},{"taxonomy":"product_cat","embeddable":true,"href":"https:\/\/gourmetmarket.lv\/lt\/wp-json\/wp\/v2\/product_cat?post=4746"},{"taxonomy":"product_tag","embeddable":true,"href":"https:\/\/gourmetmarket.lv\/lt\/wp-json\/wp\/v2\/product_tag?post=4746"}],"curies":[{"name":"wp","href":"https:\/\/api.w.org\/{rel}","templated":true}]}}