{"id":4062,"date":"2023-01-12T11:32:37","date_gmt":"2023-01-12T09:32:37","guid":{"rendered":"http:\/\/hostinger.gourmetmarket.lv\/product\/curcella-granatabolu-sula-ar-valriekstiem\/"},"modified":"2023-04-12T15:51:10","modified_gmt":"2023-04-12T12:51:10","slug":"curcella-granatabolu-sula-ar-valriekstiem","status":"publish","type":"product","link":"https:\/\/gourmetmarket.lv\/lt\/produktas\/curcella-granatabolu-sula-ar-valriekstiem\/","title":{"rendered":"Granat\u0173 sud\u017eukas su graikiniais rie\u0161utais"},"content":{"rendered":"<p>Pagaminta i\u0161 graikini\u0173 rie\u0161ut\u0173 apliet\u0173 granat\u0173 sirupu<\/p>\n","protected":false},"excerpt":{"rendered":"<p>Pagaminta i\u0161 graikini\u0173 rie\u0161ut\u0173 apliet\u0173 granat\u0173 sirupu<\/p>\n","protected":false},"featured_media":5583,"comment_status":"open","ping_status":"closed","template":"","meta":[],"product_brand":[],"product_cat":[81,236,175],"product_tag":[],"class_list":{"0":"post-4062","1":"product","2":"type-product","3":"status-publish","4":"has-post-thumbnail","6":"product_cat-saldainiai","7":"product_cat-austrumu-saldumi-lt","8":"product_cat-sudzukas-lt","10":"first","11":"instock","12":"featured","13":"taxable","14":"shipping-taxable","15":"purchasable","16":"product-type-simple"},"_links":{"self":[{"href":"https:\/\/gourmetmarket.lv\/lt\/wp-json\/wp\/v2\/product\/4062","targetHints":{"allow":["GET"]}}],"collection":[{"href":"https:\/\/gourmetmarket.lv\/lt\/wp-json\/wp\/v2\/product"}],"about":[{"href":"https:\/\/gourmetmarket.lv\/lt\/wp-json\/wp\/v2\/types\/product"}],"replies":[{"embeddable":true,"href":"https:\/\/gourmetmarket.lv\/lt\/wp-json\/wp\/v2\/comments?post=4062"}],"version-history":[{"count":3,"href":"https:\/\/gourmetmarket.lv\/lt\/wp-json\/wp\/v2\/product\/4062\/revisions"}],"predecessor-version":[{"id":11014,"href":"https:\/\/gourmetmarket.lv\/lt\/wp-json\/wp\/v2\/product\/4062\/revisions\/11014"}],"wp:featuredmedia":[{"embeddable":true,"href":"https:\/\/gourmetmarket.lv\/lt\/wp-json\/wp\/v2\/media\/5583"}],"wp:attachment":[{"href":"https:\/\/gourmetmarket.lv\/lt\/wp-json\/wp\/v2\/media?parent=4062"}],"wp:term":[{"taxonomy":"product_brand","embeddable":true,"href":"https:\/\/gourmetmarket.lv\/lt\/wp-json\/wp\/v2\/product_brand?post=4062"},{"taxonomy":"product_cat","embeddable":true,"href":"https:\/\/gourmetmarket.lv\/lt\/wp-json\/wp\/v2\/product_cat?post=4062"},{"taxonomy":"product_tag","embeddable":true,"href":"https:\/\/gourmetmarket.lv\/lt\/wp-json\/wp\/v2\/product_tag?post=4062"}],"curies":[{"name":"wp","href":"https:\/\/api.w.org\/{rel}","templated":true}]}}