{"id":3971,"date":"2023-01-17T10:28:31","date_gmt":"2023-01-17T08:28:31","guid":{"rendered":"http:\/\/hostinger.gourmetmarket.lv\/product\/granatabolu-lukuma-pirkstini-ar-pistacijam-un-barbelem-5kg\/"},"modified":"2025-01-30T19:46:23","modified_gmt":"2025-01-30T17:46:23","slug":"granatabolu-lukuma-pirkstini-ar-pistacijam-un-barbelem-5kg","status":"publish","type":"product","link":"https:\/\/gourmetmarket.lv\/lt\/produktas\/granatabolu-lukuma-pirkstini-ar-pistacijam-un-barbelem-5kg\/","title":{"rendered":"Granat\u0173 lucuma pir\u0161teliai su pistacijomis ir barbel\u0117mis. (cod43)"},"content":{"rendered":"<p>Rank\u0173 darbo rytieti\u0161ki saldumynai su nat\u016braliais ingredientais ir maloniu skoniu. Granat\u0173 lucuma pir\u0161teliai su pistacijomis ir \u012fdomiomis rauger\u0161ki\u0173 natomis.<\/p>\n","protected":false},"excerpt":{"rendered":"<p>Rank\u0173 darbo rytieti\u0161ki saldumynai su nat\u016braliais ingredientais ir maloniu skoniu. Granat\u0173 lucuma pir\u0161teliai su pistacijomis ir \u012fdomiomis rauger\u0161ki\u0173 natomis.<\/p>\n","protected":false},"featured_media":12001,"comment_status":"open","ping_status":"closed","template":"","meta":[],"product_brand":[],"product_cat":[81,236,163],"product_tag":[],"class_list":{"0":"post-3971","1":"product","2":"type-product","3":"status-publish","4":"has-post-thumbnail","6":"product_cat-saldainiai","7":"product_cat-austrumu-saldumi-lt","8":"product_cat-lukumas-lt","10":"first","11":"instock","12":"taxable","13":"shipping-taxable","14":"purchasable","15":"product-type-simple"},"_links":{"self":[{"href":"https:\/\/gourmetmarket.lv\/lt\/wp-json\/wp\/v2\/product\/3971","targetHints":{"allow":["GET"]}}],"collection":[{"href":"https:\/\/gourmetmarket.lv\/lt\/wp-json\/wp\/v2\/product"}],"about":[{"href":"https:\/\/gourmetmarket.lv\/lt\/wp-json\/wp\/v2\/types\/product"}],"replies":[{"embeddable":true,"href":"https:\/\/gourmetmarket.lv\/lt\/wp-json\/wp\/v2\/comments?post=3971"}],"version-history":[{"count":4,"href":"https:\/\/gourmetmarket.lv\/lt\/wp-json\/wp\/v2\/product\/3971\/revisions"}],"predecessor-version":[{"id":15805,"href":"https:\/\/gourmetmarket.lv\/lt\/wp-json\/wp\/v2\/product\/3971\/revisions\/15805"}],"wp:featuredmedia":[{"embeddable":true,"href":"https:\/\/gourmetmarket.lv\/lt\/wp-json\/wp\/v2\/media\/12001"}],"wp:attachment":[{"href":"https:\/\/gourmetmarket.lv\/lt\/wp-json\/wp\/v2\/media?parent=3971"}],"wp:term":[{"taxonomy":"product_brand","embeddable":true,"href":"https:\/\/gourmetmarket.lv\/lt\/wp-json\/wp\/v2\/product_brand?post=3971"},{"taxonomy":"product_cat","embeddable":true,"href":"https:\/\/gourmetmarket.lv\/lt\/wp-json\/wp\/v2\/product_cat?post=3971"},{"taxonomy":"product_tag","embeddable":true,"href":"https:\/\/gourmetmarket.lv\/lt\/wp-json\/wp\/v2\/product_tag?post=3971"}],"curies":[{"name":"wp","href":"https:\/\/api.w.org\/{rel}","templated":true}]}}