{"id":3962,"date":"2023-01-17T10:52:52","date_gmt":"2023-01-17T08:52:52","guid":{"rendered":"http:\/\/hostinger.gourmetmarket.lv\/product\/granatabolu-lukum-ar-pistacijam-5kg\/"},"modified":"2025-02-12T11:56:01","modified_gmt":"2025-02-12T09:56:01","slug":"granatabolu-lukum-ar-pistacijam-5kg","status":"publish","type":"product","link":"https:\/\/gourmetmarket.lv\/lt\/produktas\/granatabolu-lukum-ar-pistacijam-5kg\/","title":{"rendered":"Granat\u0173 louche su pistacijomis. (f101)"},"content":{"rendered":"<p>Rank\u0173 darbo rytieti\u0161ki saldainiai i\u0161 nat\u016brali\u0173 ingredient\u0173 ir malonaus skonio.<br \/>\nGranat\u0173 uogien\u0117 su pistacijomis. Nuolatin\u0117 klasika prie bet kurio stalo.<\/p>\n","protected":false},"excerpt":{"rendered":"<p>Rank\u0173 darbo rytieti\u0161ki saldainiai i\u0161 nat\u016brali\u0173 ingredient\u0173 ir malonaus skonio. Granat\u0173 uogien\u0117 su pistacijomis. Nuolatin\u0117 klasika prie bet kurio stalo.<\/p>\n","protected":false},"featured_media":12026,"comment_status":"open","ping_status":"closed","template":"","meta":[],"product_brand":[],"product_cat":[81,236,163],"product_tag":[],"class_list":{"0":"post-3962","1":"product","2":"type-product","3":"status-publish","4":"has-post-thumbnail","6":"product_cat-saldainiai","7":"product_cat-austrumu-saldumi-lt","8":"product_cat-lukumas-lt","10":"first","11":"instock","12":"taxable","13":"shipping-taxable","14":"purchasable","15":"product-type-simple"},"_links":{"self":[{"href":"https:\/\/gourmetmarket.lv\/lt\/wp-json\/wp\/v2\/product\/3962","targetHints":{"allow":["GET"]}}],"collection":[{"href":"https:\/\/gourmetmarket.lv\/lt\/wp-json\/wp\/v2\/product"}],"about":[{"href":"https:\/\/gourmetmarket.lv\/lt\/wp-json\/wp\/v2\/types\/product"}],"replies":[{"embeddable":true,"href":"https:\/\/gourmetmarket.lv\/lt\/wp-json\/wp\/v2\/comments?post=3962"}],"version-history":[{"count":7,"href":"https:\/\/gourmetmarket.lv\/lt\/wp-json\/wp\/v2\/product\/3962\/revisions"}],"predecessor-version":[{"id":15950,"href":"https:\/\/gourmetmarket.lv\/lt\/wp-json\/wp\/v2\/product\/3962\/revisions\/15950"}],"wp:featuredmedia":[{"embeddable":true,"href":"https:\/\/gourmetmarket.lv\/lt\/wp-json\/wp\/v2\/media\/12026"}],"wp:attachment":[{"href":"https:\/\/gourmetmarket.lv\/lt\/wp-json\/wp\/v2\/media?parent=3962"}],"wp:term":[{"taxonomy":"product_brand","embeddable":true,"href":"https:\/\/gourmetmarket.lv\/lt\/wp-json\/wp\/v2\/product_brand?post=3962"},{"taxonomy":"product_cat","embeddable":true,"href":"https:\/\/gourmetmarket.lv\/lt\/wp-json\/wp\/v2\/product_cat?post=3962"},{"taxonomy":"product_tag","embeddable":true,"href":"https:\/\/gourmetmarket.lv\/lt\/wp-json\/wp\/v2\/product_tag?post=3962"}],"curies":[{"name":"wp","href":"https:\/\/api.w.org\/{rel}","templated":true}]}}