{"id":16145,"date":"2025-02-21T10:03:06","date_gmt":"2025-02-21T08:03:06","guid":{"rendered":"https:\/\/gourmetmarket.lv\/product\/dubajas-lukums-ar-pistaciju-kremu-s205\/"},"modified":"2025-10-08T13:51:15","modified_gmt":"2025-10-08T10:51:15","slug":"dubajas-lukums-ar-pistaciju-kremu-s205","status":"publish","type":"product","link":"https:\/\/gourmetmarket.lv\/lt\/produktas\/dubajas-lukums-ar-pistaciju-kremu-s205\/","title":{"rendered":"Dubajaus lukumas su pistacij\u0173 kremu S205"},"content":{"rendered":"<p>Pasim\u0117gaukite m\u016bs\u0173 Dubajaus lukumu, turtingu aksominiu \u0161velnumu \u2013 prabangiu tradicinio turki\u0161ko gard\u0117sio variantu, pagardintu egzoti\u0161kais skoniais ir auk\u0161\u010diausios kokyb\u0117s rie\u0161utais. Rank\u0173 darbo saldumynas tiems, kurie vertina kokyb\u0119 ir rafinuotum\u0105 kiekviename k\u0105snyje.<\/p>\n","protected":false},"excerpt":{"rendered":"<p>Pasim\u0117gaukite m\u016bs\u0173 Dubajaus lukumu, turtingu aksominiu \u0161velnumu \u2013 prabangiu tradicinio turki\u0161ko gard\u0117sio variantu, pagardintu egzoti\u0161kais skoniais ir auk\u0161\u010diausios kokyb\u0117s rie\u0161utais. Rank\u0173 darbo saldumynas tiems, kurie vertina kokyb\u0119 ir rafinuotum\u0105 kiekviename k\u0105snyje.<\/p>\n","protected":false},"featured_media":16141,"comment_status":"closed","ping_status":"closed","template":"","meta":[],"product_brand":[],"product_cat":[81,236,233,163],"product_tag":[],"class_list":{"0":"post-16145","1":"product","2":"type-product","3":"status-publish","4":"has-post-thumbnail","6":"product_cat-saldainiai","7":"product_cat-austrumu-saldumi-lt","8":"product_cat-saldumi-2-lt","9":"product_cat-lukumas-lt","11":"first","12":"instock","13":"taxable","14":"shipping-taxable","15":"purchasable","16":"product-type-simple"},"_links":{"self":[{"href":"https:\/\/gourmetmarket.lv\/lt\/wp-json\/wp\/v2\/product\/16145","targetHints":{"allow":["GET"]}}],"collection":[{"href":"https:\/\/gourmetmarket.lv\/lt\/wp-json\/wp\/v2\/product"}],"about":[{"href":"https:\/\/gourmetmarket.lv\/lt\/wp-json\/wp\/v2\/types\/product"}],"replies":[{"embeddable":true,"href":"https:\/\/gourmetmarket.lv\/lt\/wp-json\/wp\/v2\/comments?post=16145"}],"version-history":[{"count":6,"href":"https:\/\/gourmetmarket.lv\/lt\/wp-json\/wp\/v2\/product\/16145\/revisions"}],"predecessor-version":[{"id":16408,"href":"https:\/\/gourmetmarket.lv\/lt\/wp-json\/wp\/v2\/product\/16145\/revisions\/16408"}],"wp:featuredmedia":[{"embeddable":true,"href":"https:\/\/gourmetmarket.lv\/lt\/wp-json\/wp\/v2\/media\/16141"}],"wp:attachment":[{"href":"https:\/\/gourmetmarket.lv\/lt\/wp-json\/wp\/v2\/media?parent=16145"}],"wp:term":[{"taxonomy":"product_brand","embeddable":true,"href":"https:\/\/gourmetmarket.lv\/lt\/wp-json\/wp\/v2\/product_brand?post=16145"},{"taxonomy":"product_cat","embeddable":true,"href":"https:\/\/gourmetmarket.lv\/lt\/wp-json\/wp\/v2\/product_cat?post=16145"},{"taxonomy":"product_tag","embeddable":true,"href":"https:\/\/gourmetmarket.lv\/lt\/wp-json\/wp\/v2\/product_tag?post=16145"}],"curies":[{"name":"wp","href":"https:\/\/api.w.org\/{rel}","templated":true}]}}