{"id":16062,"date":"2025-02-18T10:20:18","date_gmt":"2025-02-18T08:20:18","guid":{"rendered":"https:\/\/gourmetmarket.lv\/product\/zemenes-piena-sokolade-80g-edk149\/"},"modified":"2025-02-18T10:46:32","modified_gmt":"2025-02-18T08:46:32","slug":"zemenes-piena-sokolade-80g-edk149","status":"publish","type":"product","link":"https:\/\/gourmetmarket.lv\/lt\/produktas\/zemenes-piena-sokolade-80g-edk149\/","title":{"rendered":"BRA\u0160KI\u0172 PIENAS \u0160OKOLADE 80g EDK149"},"content":{"rendered":"","protected":false},"excerpt":{"rendered":"","protected":false},"featured_media":13606,"comment_status":"closed","ping_status":"closed","template":"","meta":[],"product_brand":[],"product_cat":[81,233,283,281,279],"product_tag":[],"class_list":{"0":"post-16062","1":"product","2":"type-product","3":"status-publish","4":"has-post-thumbnail","6":"product_cat-saldainiai","7":"product_cat-saldumi-2-lt","8":"product_cat-drazeja-lt","9":"product_cat-sokolade-lt","10":"product_cat-konfektes-lt","12":"first","13":"outofstock","14":"taxable","15":"shipping-taxable","16":"purchasable","17":"product-type-simple"},"_links":{"self":[{"href":"https:\/\/gourmetmarket.lv\/lt\/wp-json\/wp\/v2\/product\/16062","targetHints":{"allow":["GET"]}}],"collection":[{"href":"https:\/\/gourmetmarket.lv\/lt\/wp-json\/wp\/v2\/product"}],"about":[{"href":"https:\/\/gourmetmarket.lv\/lt\/wp-json\/wp\/v2\/types\/product"}],"replies":[{"embeddable":true,"href":"https:\/\/gourmetmarket.lv\/lt\/wp-json\/wp\/v2\/comments?post=16062"}],"version-history":[{"count":2,"href":"https:\/\/gourmetmarket.lv\/lt\/wp-json\/wp\/v2\/product\/16062\/revisions"}],"predecessor-version":[{"id":16070,"href":"https:\/\/gourmetmarket.lv\/lt\/wp-json\/wp\/v2\/product\/16062\/revisions\/16070"}],"wp:featuredmedia":[{"embeddable":true,"href":"https:\/\/gourmetmarket.lv\/lt\/wp-json\/wp\/v2\/media\/13606"}],"wp:attachment":[{"href":"https:\/\/gourmetmarket.lv\/lt\/wp-json\/wp\/v2\/media?parent=16062"}],"wp:term":[{"taxonomy":"product_brand","embeddable":true,"href":"https:\/\/gourmetmarket.lv\/lt\/wp-json\/wp\/v2\/product_brand?post=16062"},{"taxonomy":"product_cat","embeddable":true,"href":"https:\/\/gourmetmarket.lv\/lt\/wp-json\/wp\/v2\/product_cat?post=16062"},{"taxonomy":"product_tag","embeddable":true,"href":"https:\/\/gourmetmarket.lv\/lt\/wp-json\/wp\/v2\/product_tag?post=16062"}],"curies":[{"name":"wp","href":"https:\/\/api.w.org\/{rel}","templated":true}]}}