{"id":16040,"date":"2025-02-17T13:09:50","date_gmt":"2025-02-17T11:09:50","guid":{"rendered":"https:\/\/gourmetmarket.lv\/product\/granatabolu-lukums-ar-pistacijam-f101\/"},"modified":"2025-02-20T11:04:39","modified_gmt":"2025-02-20T09:04:39","slug":"granatabolu-lukums-ar-pistacijam-f101","status":"publish","type":"product","link":"https:\/\/gourmetmarket.lv\/lt\/produktas\/granatabolu-lukums-ar-pistacijam-f101\/","title":{"rendered":"Granat\u0173 loukum su pistacijomis. (f101)"},"content":{"rendered":"<p>Rank\u0173 darbo rytieti\u0161ki saldainiai i\u0161 nat\u016brali\u0173 ingredient\u0173 ir malonaus skonio.<br \/>\nGranat\u0173 uogien\u0117 su pistacijomis. Nuolatin\u0117 klasika prie bet kurio stalo.<\/p>\n","protected":false},"excerpt":{"rendered":"<p>Rank\u0173 darbo rytieti\u0161ki saldainiai i\u0161 nat\u016brali\u0173 ingredient\u0173 ir malonaus skonio. Granat\u0173 uogien\u0117 su pistacijomis. Nuolatin\u0117 klasika prie bet kurio stalo.<\/p>\n","protected":false},"featured_media":12026,"comment_status":"closed","ping_status":"closed","template":"","meta":[],"product_brand":[],"product_cat":[81,236,233,163],"product_tag":[],"class_list":{"0":"post-16040","1":"product","2":"type-product","3":"status-publish","4":"has-post-thumbnail","6":"product_cat-saldainiai","7":"product_cat-austrumu-saldumi-lt","8":"product_cat-saldumi-2-lt","9":"product_cat-lukumas-lt","11":"first","12":"instock","13":"taxable","14":"shipping-taxable","15":"purchasable","16":"product-type-simple"},"_links":{"self":[{"href":"https:\/\/gourmetmarket.lv\/lt\/wp-json\/wp\/v2\/product\/16040","targetHints":{"allow":["GET"]}}],"collection":[{"href":"https:\/\/gourmetmarket.lv\/lt\/wp-json\/wp\/v2\/product"}],"about":[{"href":"https:\/\/gourmetmarket.lv\/lt\/wp-json\/wp\/v2\/types\/product"}],"replies":[{"embeddable":true,"href":"https:\/\/gourmetmarket.lv\/lt\/wp-json\/wp\/v2\/comments?post=16040"}],"version-history":[{"count":2,"href":"https:\/\/gourmetmarket.lv\/lt\/wp-json\/wp\/v2\/product\/16040\/revisions"}],"predecessor-version":[{"id":16122,"href":"https:\/\/gourmetmarket.lv\/lt\/wp-json\/wp\/v2\/product\/16040\/revisions\/16122"}],"wp:featuredmedia":[{"embeddable":true,"href":"https:\/\/gourmetmarket.lv\/lt\/wp-json\/wp\/v2\/media\/12026"}],"wp:attachment":[{"href":"https:\/\/gourmetmarket.lv\/lt\/wp-json\/wp\/v2\/media?parent=16040"}],"wp:term":[{"taxonomy":"product_brand","embeddable":true,"href":"https:\/\/gourmetmarket.lv\/lt\/wp-json\/wp\/v2\/product_brand?post=16040"},{"taxonomy":"product_cat","embeddable":true,"href":"https:\/\/gourmetmarket.lv\/lt\/wp-json\/wp\/v2\/product_cat?post=16040"},{"taxonomy":"product_tag","embeddable":true,"href":"https:\/\/gourmetmarket.lv\/lt\/wp-json\/wp\/v2\/product_tag?post=16040"}],"curies":[{"name":"wp","href":"https:\/\/api.w.org\/{rel}","templated":true}]}}