{"id":15744,"date":"2024-12-11T12:25:25","date_gmt":"2024-12-11T10:25:25","guid":{"rendered":"https:\/\/gourmetmarket.lv\/product\/davanu-komplekts-gardeziem\/"},"modified":"2025-02-06T14:22:51","modified_gmt":"2025-02-06T12:22:51","slug":"davanu-komplekts-gardeziem","status":"publish","type":"product","link":"https:\/\/gourmetmarket.lv\/lt\/produktas\/davanu-komplekts-gardeziem\/","title":{"rendered":"Gurmani\u0161kas dovan\u0173 rinkinys"},"content":{"rendered":"<p>S\u016bri\u0173 ir sald\u017ei\u0173 u\u017ekand\u017ei\u0173 derinys vienoje dovanoje. Jei norite, \u0161i\u0105 dovan\u0105 galite papildyti gard\u017eiu vynu ar putojan\u010diu g\u0117rimu.<\/p>\n","protected":false},"excerpt":{"rendered":"<p>S\u016bri\u0173 ir sald\u017ei\u0173 u\u017ekand\u017ei\u0173 derinys vienoje dovanoje. Jei norite, \u0161i\u0105 dovan\u0105 galite papildyti gard\u017eiu vynu ar putojan\u010diu g\u0117rimu.<\/p>\n","protected":false},"featured_media":15638,"comment_status":"closed","ping_status":"closed","template":"","meta":[],"product_brand":[],"product_cat":[170,242,171,174,296,81,259,283,281,279,166],"product_tag":[],"class_list":{"0":"post-15744","1":"product","2":"type-product","3":"status-publish","4":"has-post-thumbnail","6":"product_cat-antipasti-lt","7":"product_cat-uzkodas-lt","8":"product_cat-antipasto-olives-lt","9":"product_cat-pipirai-lt","10":"product_cat-garshvielas-lt","11":"product_cat-saldainiai","12":"product_cat-rinkiniai","13":"product_cat-drazeja-lt","14":"product_cat-sokolade-lt","15":"product_cat-konfektes-lt","16":"product_cat-teja-lt","18":"first","19":"instock","20":"taxable","21":"shipping-taxable","22":"purchasable","23":"product-type-simple"},"_links":{"self":[{"href":"https:\/\/gourmetmarket.lv\/lt\/wp-json\/wp\/v2\/product\/15744","targetHints":{"allow":["GET"]}}],"collection":[{"href":"https:\/\/gourmetmarket.lv\/lt\/wp-json\/wp\/v2\/product"}],"about":[{"href":"https:\/\/gourmetmarket.lv\/lt\/wp-json\/wp\/v2\/types\/product"}],"replies":[{"embeddable":true,"href":"https:\/\/gourmetmarket.lv\/lt\/wp-json\/wp\/v2\/comments?post=15744"}],"version-history":[{"count":1,"href":"https:\/\/gourmetmarket.lv\/lt\/wp-json\/wp\/v2\/product\/15744\/revisions"}],"predecessor-version":[{"id":15747,"href":"https:\/\/gourmetmarket.lv\/lt\/wp-json\/wp\/v2\/product\/15744\/revisions\/15747"}],"wp:featuredmedia":[{"embeddable":true,"href":"https:\/\/gourmetmarket.lv\/lt\/wp-json\/wp\/v2\/media\/15638"}],"wp:attachment":[{"href":"https:\/\/gourmetmarket.lv\/lt\/wp-json\/wp\/v2\/media?parent=15744"}],"wp:term":[{"taxonomy":"product_brand","embeddable":true,"href":"https:\/\/gourmetmarket.lv\/lt\/wp-json\/wp\/v2\/product_brand?post=15744"},{"taxonomy":"product_cat","embeddable":true,"href":"https:\/\/gourmetmarket.lv\/lt\/wp-json\/wp\/v2\/product_cat?post=15744"},{"taxonomy":"product_tag","embeddable":true,"href":"https:\/\/gourmetmarket.lv\/lt\/wp-json\/wp\/v2\/product_tag?post=15744"}],"curies":[{"name":"wp","href":"https:\/\/api.w.org\/{rel}","templated":true}]}}