{"id":15505,"date":"2024-10-22T13:36:26","date_gmt":"2024-10-22T10:36:26","guid":{"rendered":"https:\/\/gourmetmarket.lv\/product\/abolu-pastila-ar-mellenem-bez-cukura180gr\/"},"modified":"2024-10-22T13:47:18","modified_gmt":"2024-10-22T10:47:18","slug":"abolu-pastila-ar-mellenem-bez-cukura180gr","status":"publish","type":"product","link":"https:\/\/gourmetmarket.lv\/lt\/produktas\/abolu-pastila-ar-mellenem-bez-cukura180gr\/","title":{"rendered":"Obuoli\u0173 pastil\u0117 su m\u0117lyn\u0117mis be cukraus 180gr"},"content":{"rendered":"<p>Visi cukr\u016bs yra tik nat\u016bralios kilm\u0117s. Prek\u0117s sud\u0117tyje n\u0117ra cukraus, kit\u0173 cukraus pakaital\u0173 ar kit\u0173 ingredient\u0173, i\u0161skyrus nurodytus produkto sud\u0117tyje. Prie\u0161 pjaustydami desert\u0105, sudr\u0117kinkite peil\u012f \u0161altu vandeniu.  <\/p>\n","protected":false},"excerpt":{"rendered":"<p>Visi cukr\u016bs yra tik nat\u016bralios kilm\u0117s. Prek\u0117s sud\u0117tyje n\u0117ra cukraus, kit\u0173 cukraus pakaital\u0173 ar kit\u0173 ingredient\u0173, i\u0161skyrus nurodytus produkto sud\u0117tyje. Prie\u0161 pjaustydami desert\u0105, sudr\u0117kinkite peil\u012f \u0161altu vandeniu.<\/p>\n","protected":false},"featured_media":15500,"comment_status":"closed","ping_status":"closed","template":"","meta":[],"product_brand":[],"product_cat":[233,165],"product_tag":[],"class_list":{"0":"post-15505","1":"product","2":"type-product","3":"status-publish","4":"has-post-thumbnail","6":"product_cat-saldumi-2-lt","7":"product_cat-pastiles-lt","9":"first","10":"instock","11":"taxable","12":"shipping-taxable","13":"purchasable","14":"product-type-simple"},"_links":{"self":[{"href":"https:\/\/gourmetmarket.lv\/lt\/wp-json\/wp\/v2\/product\/15505","targetHints":{"allow":["GET"]}}],"collection":[{"href":"https:\/\/gourmetmarket.lv\/lt\/wp-json\/wp\/v2\/product"}],"about":[{"href":"https:\/\/gourmetmarket.lv\/lt\/wp-json\/wp\/v2\/types\/product"}],"replies":[{"embeddable":true,"href":"https:\/\/gourmetmarket.lv\/lt\/wp-json\/wp\/v2\/comments?post=15505"}],"version-history":[{"count":2,"href":"https:\/\/gourmetmarket.lv\/lt\/wp-json\/wp\/v2\/product\/15505\/revisions"}],"predecessor-version":[{"id":15515,"href":"https:\/\/gourmetmarket.lv\/lt\/wp-json\/wp\/v2\/product\/15505\/revisions\/15515"}],"wp:featuredmedia":[{"embeddable":true,"href":"https:\/\/gourmetmarket.lv\/lt\/wp-json\/wp\/v2\/media\/15500"}],"wp:attachment":[{"href":"https:\/\/gourmetmarket.lv\/lt\/wp-json\/wp\/v2\/media?parent=15505"}],"wp:term":[{"taxonomy":"product_brand","embeddable":true,"href":"https:\/\/gourmetmarket.lv\/lt\/wp-json\/wp\/v2\/product_brand?post=15505"},{"taxonomy":"product_cat","embeddable":true,"href":"https:\/\/gourmetmarket.lv\/lt\/wp-json\/wp\/v2\/product_cat?post=15505"},{"taxonomy":"product_tag","embeddable":true,"href":"https:\/\/gourmetmarket.lv\/lt\/wp-json\/wp\/v2\/product_tag?post=15505"}],"curies":[{"name":"wp","href":"https:\/\/api.w.org\/{rel}","templated":true}]}}