{"id":15475,"date":"2024-10-04T12:20:40","date_gmt":"2024-10-04T09:20:40","guid":{"rendered":"https:\/\/gourmetmarket.lv\/product\/adigejas-sals-100gr\/"},"modified":"2024-10-04T12:20:40","modified_gmt":"2024-10-04T09:20:40","slug":"adigejas-sals-100gr","status":"publish","type":"product","link":"https:\/\/gourmetmarket.lv\/lt\/produktas\/adigejas-sals-100gr\/","title":{"rendered":"ADIGEJAS S\u0100LS 100gr"},"content":{"rendered":"<p>Latvij\u0101 maltas un pagatavotas p\u0113c uzbeku receptes.<\/p>\n","protected":false},"excerpt":{"rendered":"<p>Latvij\u0101 maltas un pagatavotas p\u0113c uzbeku receptes.<\/p>\n","protected":false},"featured_media":15348,"comment_status":"closed","ping_status":"closed","template":"","meta":[],"product_brand":[],"product_cat":[169,296],"product_tag":[],"class_list":{"0":"post-15475","1":"product","2":"type-product","3":"status-publish","4":"has-post-thumbnail","6":"product_cat-additives-lt","7":"product_cat-garshvielas-lt","9":"first","10":"instock","11":"taxable","12":"shipping-taxable","13":"purchasable","14":"product-type-simple"},"_links":{"self":[{"href":"https:\/\/gourmetmarket.lv\/lt\/wp-json\/wp\/v2\/product\/15475","targetHints":{"allow":["GET"]}}],"collection":[{"href":"https:\/\/gourmetmarket.lv\/lt\/wp-json\/wp\/v2\/product"}],"about":[{"href":"https:\/\/gourmetmarket.lv\/lt\/wp-json\/wp\/v2\/types\/product"}],"replies":[{"embeddable":true,"href":"https:\/\/gourmetmarket.lv\/lt\/wp-json\/wp\/v2\/comments?post=15475"}],"version-history":[{"count":0,"href":"https:\/\/gourmetmarket.lv\/lt\/wp-json\/wp\/v2\/product\/15475\/revisions"}],"wp:featuredmedia":[{"embeddable":true,"href":"https:\/\/gourmetmarket.lv\/lt\/wp-json\/wp\/v2\/media\/15348"}],"wp:attachment":[{"href":"https:\/\/gourmetmarket.lv\/lt\/wp-json\/wp\/v2\/media?parent=15475"}],"wp:term":[{"taxonomy":"product_brand","embeddable":true,"href":"https:\/\/gourmetmarket.lv\/lt\/wp-json\/wp\/v2\/product_brand?post=15475"},{"taxonomy":"product_cat","embeddable":true,"href":"https:\/\/gourmetmarket.lv\/lt\/wp-json\/wp\/v2\/product_cat?post=15475"},{"taxonomy":"product_tag","embeddable":true,"href":"https:\/\/gourmetmarket.lv\/lt\/wp-json\/wp\/v2\/product_tag?post=15475"}],"curies":[{"name":"wp","href":"https:\/\/api.w.org\/{rel}","templated":true}]}}