{"id":15440,"date":"2024-10-04T12:40:29","date_gmt":"2024-10-04T09:40:29","guid":{"rendered":"https:\/\/gourmetmarket.lv\/product\/svanetijas-sals-ar-sumaku-100gr\/"},"modified":"2024-10-10T13:48:40","modified_gmt":"2024-10-10T10:48:40","slug":"svanetijas-sals-ar-sumaku-100gr","status":"publish","type":"product","link":"https:\/\/gourmetmarket.lv\/lt\/produktas\/svanetijas-sals-ar-sumaku-100gr\/","title":{"rendered":"SVANETIJOS DRUSKA SU SUMAKU 100gr"},"content":{"rendered":"<p>Sumaltas Latvijoje ir paruo\u0161tas pagal uzbek\u0173 recept\u0105.<\/p>\n","protected":false},"excerpt":{"rendered":"<p>Sumaltas Latvijoje ir paruo\u0161tas pagal uzbek\u0173 recept\u0105.<\/p>\n","protected":false},"featured_media":15343,"comment_status":"closed","ping_status":"closed","template":"","meta":[],"product_brand":[],"product_cat":[169,296],"product_tag":[],"class_list":{"0":"post-15440","1":"product","2":"type-product","3":"status-publish","4":"has-post-thumbnail","6":"product_cat-additives-lt","7":"product_cat-garshvielas-lt","9":"first","10":"instock","11":"taxable","12":"shipping-taxable","13":"purchasable","14":"product-type-simple"},"_links":{"self":[{"href":"https:\/\/gourmetmarket.lv\/lt\/wp-json\/wp\/v2\/product\/15440","targetHints":{"allow":["GET"]}}],"collection":[{"href":"https:\/\/gourmetmarket.lv\/lt\/wp-json\/wp\/v2\/product"}],"about":[{"href":"https:\/\/gourmetmarket.lv\/lt\/wp-json\/wp\/v2\/types\/product"}],"replies":[{"embeddable":true,"href":"https:\/\/gourmetmarket.lv\/lt\/wp-json\/wp\/v2\/comments?post=15440"}],"version-history":[{"count":1,"href":"https:\/\/gourmetmarket.lv\/lt\/wp-json\/wp\/v2\/product\/15440\/revisions"}],"predecessor-version":[{"id":15445,"href":"https:\/\/gourmetmarket.lv\/lt\/wp-json\/wp\/v2\/product\/15440\/revisions\/15445"}],"wp:featuredmedia":[{"embeddable":true,"href":"https:\/\/gourmetmarket.lv\/lt\/wp-json\/wp\/v2\/media\/15343"}],"wp:attachment":[{"href":"https:\/\/gourmetmarket.lv\/lt\/wp-json\/wp\/v2\/media?parent=15440"}],"wp:term":[{"taxonomy":"product_brand","embeddable":true,"href":"https:\/\/gourmetmarket.lv\/lt\/wp-json\/wp\/v2\/product_brand?post=15440"},{"taxonomy":"product_cat","embeddable":true,"href":"https:\/\/gourmetmarket.lv\/lt\/wp-json\/wp\/v2\/product_cat?post=15440"},{"taxonomy":"product_tag","embeddable":true,"href":"https:\/\/gourmetmarket.lv\/lt\/wp-json\/wp\/v2\/product_tag?post=15440"}],"curies":[{"name":"wp","href":"https:\/\/api.w.org\/{rel}","templated":true}]}}