{"id":15418,"date":"2024-09-19T13:21:13","date_gmt":"2024-09-19T10:21:13","guid":{"rendered":"https:\/\/gourmetmarket.lv\/product\/garsvielu-maisijums-zupai-100gr\/"},"modified":"2024-10-10T12:35:07","modified_gmt":"2024-10-10T09:35:07","slug":"garsvielu-maisijums-zupai-100gr","status":"publish","type":"product","link":"https:\/\/gourmetmarket.lv\/lt\/produktas\/garsvielu-maisijums-zupai-100gr\/","title":{"rendered":"Prieskoni\u0173 mi\u0161inys sriubai 100gr"},"content":{"rendered":"<p>Sumaltas Latvijoje ir paruo\u0161tas pagal uzbek\u0173 recept\u0105.<\/p>\n","protected":false},"excerpt":{"rendered":"<p>Sumaltas Latvijoje ir paruo\u0161tas pagal uzbek\u0173 recept\u0105.<\/p>\n","protected":false},"featured_media":15229,"comment_status":"closed","ping_status":"closed","template":"","meta":[],"product_brand":[],"product_cat":[169,296],"product_tag":[],"class_list":{"0":"post-15418","1":"product","2":"type-product","3":"status-publish","4":"has-post-thumbnail","6":"product_cat-additives-lt","7":"product_cat-garshvielas-lt","9":"first","10":"outofstock","11":"taxable","12":"shipping-taxable","13":"purchasable","14":"product-type-simple"},"_links":{"self":[{"href":"https:\/\/gourmetmarket.lv\/lt\/wp-json\/wp\/v2\/product\/15418","targetHints":{"allow":["GET"]}}],"collection":[{"href":"https:\/\/gourmetmarket.lv\/lt\/wp-json\/wp\/v2\/product"}],"about":[{"href":"https:\/\/gourmetmarket.lv\/lt\/wp-json\/wp\/v2\/types\/product"}],"replies":[{"embeddable":true,"href":"https:\/\/gourmetmarket.lv\/lt\/wp-json\/wp\/v2\/comments?post=15418"}],"version-history":[{"count":1,"href":"https:\/\/gourmetmarket.lv\/lt\/wp-json\/wp\/v2\/product\/15418\/revisions"}],"predecessor-version":[{"id":15423,"href":"https:\/\/gourmetmarket.lv\/lt\/wp-json\/wp\/v2\/product\/15418\/revisions\/15423"}],"wp:featuredmedia":[{"embeddable":true,"href":"https:\/\/gourmetmarket.lv\/lt\/wp-json\/wp\/v2\/media\/15229"}],"wp:attachment":[{"href":"https:\/\/gourmetmarket.lv\/lt\/wp-json\/wp\/v2\/media?parent=15418"}],"wp:term":[{"taxonomy":"product_brand","embeddable":true,"href":"https:\/\/gourmetmarket.lv\/lt\/wp-json\/wp\/v2\/product_brand?post=15418"},{"taxonomy":"product_cat","embeddable":true,"href":"https:\/\/gourmetmarket.lv\/lt\/wp-json\/wp\/v2\/product_cat?post=15418"},{"taxonomy":"product_tag","embeddable":true,"href":"https:\/\/gourmetmarket.lv\/lt\/wp-json\/wp\/v2\/product_tag?post=15418"}],"curies":[{"name":"wp","href":"https:\/\/api.w.org\/{rel}","templated":true}]}}