{"id":15385,"date":"2024-09-23T11:05:06","date_gmt":"2024-09-23T08:05:06","guid":{"rendered":"https:\/\/gourmetmarket.lv\/product\/garsvielu-maisijums-plovam-100gr\/"},"modified":"2024-10-09T12:49:11","modified_gmt":"2024-10-09T09:49:11","slug":"garsvielu-maisijums-plovam-100gr","status":"publish","type":"product","link":"https:\/\/gourmetmarket.lv\/lt\/produktas\/garsvielu-maisijums-plovam-100gr\/","title":{"rendered":"Prieskoni\u0173 mi\u0161inys plovui 100gr"},"content":{"rendered":"<p>Sumaltas Latvijoje ir paruo\u0161tas pagal uzbek\u0173 recept\u0105.<\/p>\n<p>&nbsp;<\/p>\n","protected":false},"excerpt":{"rendered":"<p>Sumaltas Latvijoje ir paruo\u0161tas pagal uzbek\u0173 recept\u0105. &nbsp;<\/p>\n","protected":false},"featured_media":15264,"comment_status":"closed","ping_status":"closed","template":"","meta":[],"product_brand":[],"product_cat":[169,296],"product_tag":[],"class_list":{"0":"post-15385","1":"product","2":"type-product","3":"status-publish","4":"has-post-thumbnail","6":"product_cat-additives-lt","7":"product_cat-garshvielas-lt","9":"first","10":"outofstock","11":"taxable","12":"shipping-taxable","13":"purchasable","14":"product-type-simple"},"_links":{"self":[{"href":"https:\/\/gourmetmarket.lv\/lt\/wp-json\/wp\/v2\/product\/15385","targetHints":{"allow":["GET"]}}],"collection":[{"href":"https:\/\/gourmetmarket.lv\/lt\/wp-json\/wp\/v2\/product"}],"about":[{"href":"https:\/\/gourmetmarket.lv\/lt\/wp-json\/wp\/v2\/types\/product"}],"replies":[{"embeddable":true,"href":"https:\/\/gourmetmarket.lv\/lt\/wp-json\/wp\/v2\/comments?post=15385"}],"version-history":[{"count":1,"href":"https:\/\/gourmetmarket.lv\/lt\/wp-json\/wp\/v2\/product\/15385\/revisions"}],"predecessor-version":[{"id":15389,"href":"https:\/\/gourmetmarket.lv\/lt\/wp-json\/wp\/v2\/product\/15385\/revisions\/15389"}],"wp:featuredmedia":[{"embeddable":true,"href":"https:\/\/gourmetmarket.lv\/lt\/wp-json\/wp\/v2\/media\/15264"}],"wp:attachment":[{"href":"https:\/\/gourmetmarket.lv\/lt\/wp-json\/wp\/v2\/media?parent=15385"}],"wp:term":[{"taxonomy":"product_brand","embeddable":true,"href":"https:\/\/gourmetmarket.lv\/lt\/wp-json\/wp\/v2\/product_brand?post=15385"},{"taxonomy":"product_cat","embeddable":true,"href":"https:\/\/gourmetmarket.lv\/lt\/wp-json\/wp\/v2\/product_cat?post=15385"},{"taxonomy":"product_tag","embeddable":true,"href":"https:\/\/gourmetmarket.lv\/lt\/wp-json\/wp\/v2\/product_tag?post=15385"}],"curies":[{"name":"wp","href":"https:\/\/api.w.org\/{rel}","templated":true}]}}