{"id":15315,"date":"2024-09-23T11:36:41","date_gmt":"2024-09-23T08:36:41","guid":{"rendered":"https:\/\/gourmetmarket.lv\/product\/garsvielu-maisijuma-komplekts-%c2%b1900gr\/"},"modified":"2024-09-23T12:36:08","modified_gmt":"2024-09-23T09:36:08","slug":"garsvielu-maisijuma-komplekts-%c2%b1900gr","status":"publish","type":"product","link":"https:\/\/gourmetmarket.lv\/lt\/produktas\/garsvielu-maisijuma-komplekts-%c2%b1900gr\/","title":{"rendered":"Prieskoni\u0173 mi\u0161inio rinkinys \u00b1900gr"},"content":{"rendered":"<p>Nuostabus prieskoni\u0173 rinkinys gurmanams. Sumaltas Latvijoje ir paruo\u0161tas pagal uzbek\u0173 recept\u0105. <\/p>\n","protected":false},"excerpt":{"rendered":"<p>Nuostabus prieskoni\u0173 rinkinys gurmanams. Sumaltas Latvijoje ir paruo\u0161tas pagal uzbek\u0173 recept\u0105.<\/p>\n","protected":false},"featured_media":15284,"comment_status":"closed","ping_status":"closed","template":"","meta":[],"product_brand":[],"product_cat":[259],"product_tag":[],"class_list":{"0":"post-15315","1":"product","2":"type-product","3":"status-publish","4":"has-post-thumbnail","6":"product_cat-rinkiniai","8":"first","9":"outofstock","10":"taxable","11":"shipping-taxable","12":"purchasable","13":"product-type-simple"},"_links":{"self":[{"href":"https:\/\/gourmetmarket.lv\/lt\/wp-json\/wp\/v2\/product\/15315","targetHints":{"allow":["GET"]}}],"collection":[{"href":"https:\/\/gourmetmarket.lv\/lt\/wp-json\/wp\/v2\/product"}],"about":[{"href":"https:\/\/gourmetmarket.lv\/lt\/wp-json\/wp\/v2\/types\/product"}],"replies":[{"embeddable":true,"href":"https:\/\/gourmetmarket.lv\/lt\/wp-json\/wp\/v2\/comments?post=15315"}],"version-history":[{"count":1,"href":"https:\/\/gourmetmarket.lv\/lt\/wp-json\/wp\/v2\/product\/15315\/revisions"}],"predecessor-version":[{"id":15320,"href":"https:\/\/gourmetmarket.lv\/lt\/wp-json\/wp\/v2\/product\/15315\/revisions\/15320"}],"wp:featuredmedia":[{"embeddable":true,"href":"https:\/\/gourmetmarket.lv\/lt\/wp-json\/wp\/v2\/media\/15284"}],"wp:attachment":[{"href":"https:\/\/gourmetmarket.lv\/lt\/wp-json\/wp\/v2\/media?parent=15315"}],"wp:term":[{"taxonomy":"product_brand","embeddable":true,"href":"https:\/\/gourmetmarket.lv\/lt\/wp-json\/wp\/v2\/product_brand?post=15315"},{"taxonomy":"product_cat","embeddable":true,"href":"https:\/\/gourmetmarket.lv\/lt\/wp-json\/wp\/v2\/product_cat?post=15315"},{"taxonomy":"product_tag","embeddable":true,"href":"https:\/\/gourmetmarket.lv\/lt\/wp-json\/wp\/v2\/product_tag?post=15315"}],"curies":[{"name":"wp","href":"https:\/\/api.w.org\/{rel}","templated":true}]}}