{"id":14962,"date":"2024-06-03T11:08:17","date_gmt":"2024-06-03T08:08:17","guid":{"rendered":"https:\/\/gourmetmarket.lv\/product\/borhill-vilkabele-skidrums-ekstrakts-200-g\/"},"modified":"2025-02-12T12:24:30","modified_gmt":"2025-02-12T10:24:30","slug":"borhill-vilkabele-skidrums-ekstrakts-200-g","status":"publish","type":"product","link":"https:\/\/gourmetmarket.lv\/lt\/produktas\/borhill-vilkabele-skidrums-ekstrakts-200-g\/","title":{"rendered":"BORHILL HALLOWEEN, skystas, EKSTRAKTAS, 200 g"},"content":{"rendered":"<p>BORHILL Hawthorn yra turtingas gudobel\u0117s ekstraktas. Gudobel\u0117 normalizuoja kraujosp\u016bd\u012f, ma\u017eina cholesterolio kiek\u012f, gerina vir\u0161kinim\u0105, turi prie\u0161u\u017edegimini\u0173 savybi\u0173, stabilizuoja \u0161irdies ir kraujagysli\u0173 sistem\u0105, padeda i\u0161vengti diabeto, ma\u017eina nerim\u0105. Gudobel\u0117se yra vitamin\u0173: A, C, E, K, B grup\u0117s vitamin\u0173, kalcio, magnio, gele\u017eies, kobalto, seleno, cinko, taip pat eterini\u0173 aliej\u0173, glikozid\u0173, organini\u0173 r\u016bg\u0161\u010di\u0173 ir flavonoid\u0173. Flavonoidai pasi\u017eymi antioksidaciniu poveikiu, ma\u017eina kraujo kre\u0161\u0117jim\u0105, ma\u017eina kapiliar\u0173 trapum\u0105 ir pralaidum\u0105, gerina med\u017eiag\u0173 apykaitos procesus. Glikozidai turi antiaritmin\u012f poveik\u012f ir yra naudojami \u0161irdies nepakankamumui i\u0161vengti.<\/p>\n","protected":false},"excerpt":{"rendered":"<p>BORHILL Hawthorn yra turtingas gudobel\u0117s ekstraktas. Gudobel\u0117 normalizuoja kraujosp\u016bd\u012f, ma\u017eina cholesterolio kiek\u012f, gerina vir\u0161kinim\u0105, turi prie\u0161u\u017edegimini\u0173 savybi\u0173, stabilizuoja \u0161irdies ir kraujagysli\u0173 sistem\u0105, padeda i\u0161vengti diabeto, ma\u017eina nerim\u0105. Gudobel\u0117se yra vitamin\u0173: A, C, E, K, B grup\u0117s vitamin\u0173, kalcio, magnio, gele\u017eies, kobalto, seleno, cinko, taip pat eterini\u0173 aliej\u0173, glikozid\u0173, organini\u0173 r\u016bg\u0161\u010di\u0173 ir flavonoid\u0173. Flavonoidai pasi\u017eymi antioksidaciniu poveikiu, ma\u017eina kraujo kre\u0161\u0117jim\u0105, ma\u017eina kapiliar\u0173 trapum\u0105 ir pralaidum\u0105, gerina med\u017eiag\u0173 apykaitos procesus. Glikozidai turi antiaritmin\u012f poveik\u012f ir yra naudojami \u0161irdies nepakankamumui i\u0161vengti.<\/p>\n","protected":false},"featured_media":14918,"comment_status":"closed","ping_status":"closed","template":"","meta":[],"product_brand":[],"product_cat":[305,168],"product_tag":[],"class_list":{"0":"post-14962","1":"product","2":"type-product","3":"status-publish","4":"has-post-thumbnail","6":"product_cat-dzerieni-lt","7":"product_cat-sirupi-lt","9":"first","10":"outofstock","11":"taxable","12":"shipping-taxable","13":"purchasable","14":"product-type-simple"},"_links":{"self":[{"href":"https:\/\/gourmetmarket.lv\/lt\/wp-json\/wp\/v2\/product\/14962","targetHints":{"allow":["GET"]}}],"collection":[{"href":"https:\/\/gourmetmarket.lv\/lt\/wp-json\/wp\/v2\/product"}],"about":[{"href":"https:\/\/gourmetmarket.lv\/lt\/wp-json\/wp\/v2\/types\/product"}],"replies":[{"embeddable":true,"href":"https:\/\/gourmetmarket.lv\/lt\/wp-json\/wp\/v2\/comments?post=14962"}],"version-history":[{"count":2,"href":"https:\/\/gourmetmarket.lv\/lt\/wp-json\/wp\/v2\/product\/14962\/revisions"}],"predecessor-version":[{"id":15957,"href":"https:\/\/gourmetmarket.lv\/lt\/wp-json\/wp\/v2\/product\/14962\/revisions\/15957"}],"wp:featuredmedia":[{"embeddable":true,"href":"https:\/\/gourmetmarket.lv\/lt\/wp-json\/wp\/v2\/media\/14918"}],"wp:attachment":[{"href":"https:\/\/gourmetmarket.lv\/lt\/wp-json\/wp\/v2\/media?parent=14962"}],"wp:term":[{"taxonomy":"product_brand","embeddable":true,"href":"https:\/\/gourmetmarket.lv\/lt\/wp-json\/wp\/v2\/product_brand?post=14962"},{"taxonomy":"product_cat","embeddable":true,"href":"https:\/\/gourmetmarket.lv\/lt\/wp-json\/wp\/v2\/product_cat?post=14962"},{"taxonomy":"product_tag","embeddable":true,"href":"https:\/\/gourmetmarket.lv\/lt\/wp-json\/wp\/v2\/product_tag?post=14962"}],"curies":[{"name":"wp","href":"https:\/\/api.w.org\/{rel}","templated":true}]}}