{"id":14934,"date":"2024-05-29T13:17:53","date_gmt":"2024-05-29T10:17:53","guid":{"rendered":"https:\/\/gourmetmarket.lv\/product\/smiltserksku-skidrais-ekstrakts-borhill-ar-avenem-un-ingveru-200-gr\/"},"modified":"2024-05-30T12:05:51","modified_gmt":"2024-05-30T09:05:51","slug":"smiltserksku-skidrais-ekstrakts-borhill-ar-avenem-un-ingveru-200-gr","status":"publish","type":"product","link":"https:\/\/gourmetmarket.lv\/lt\/produktas\/smiltserksku-skidrais-ekstrakts-borhill-ar-avenem-un-ingveru-200-gr\/","title":{"rendered":"BORHILL SKYSTAS SUMU\u0160TINIO EKSTRAKTAS SU aviet\u0117mis IR imbieru, 200 gr"},"content":{"rendered":"<p>Kaip g\u0117rimo baz\u0117s dalis, naudojami tik \u0161vie\u017ei ingredientai, pridedant nat\u016brali\u0173 maisto skoni\u0173.<\/p>\n<p>Naudodami m\u016bs\u0173 koncentratus galite sutaupyti savo laik\u0105, nes pasiruo\u0161imas u\u017etruks 10 minu\u010di\u0173, per t\u0105 laik\u0105 gal\u0117site daugiau laiko praleisti su \u0161eima, u\u017esiimti verslu, o g\u0117rimas i\u0161eis kaip kavin\u0117je. . Vaisi\u0173 u\u017epildai ir tyr\u0117s patiks ir vaikams, nes juose yra nat\u016brali\u0173 ingredient\u0173.<\/p>\n<p>Vaisi\u0173 ir uog\u0173 koncentratas Skystas \u0161altalanki\u0173 ekstraktas Borhill su aviet\u0117mis ir imbieru nat\u016braliu pagrindu skaniems ir aromatingiems g\u0117rimams gaminti. Pagrind\u0105 sudaro \u0161vie\u017eiai \u0161aldyti \u0161altalankiai (\u0161altalanki\u0173 tyr\u0117), \u0161vie\u017eiai spaustos citrinos sultys ir medus. Koncentratas puikiai papildys j\u016bs\u0173 g\u0117rim\u0105. Pagrindas puikiai papildo arbat\u0105 arba galite sumai\u0161yti su kar\u0161tu vandeniu, kad pagamintum\u0117te \u0161ildant\u012f g\u0117rim\u0105. Su pagrindu u\u017ebaigsite savo kokteili\u0173 gaminimo rinkin\u012f.<\/p>\n","protected":false},"excerpt":{"rendered":"<p>Kaip g\u0117rimo baz\u0117s dalis, naudojami tik \u0161vie\u017ei ingredientai, pridedant nat\u016brali\u0173 maisto skoni\u0173. Naudodami m\u016bs\u0173 koncentratus galite sutaupyti savo laik\u0105, nes pasiruo\u0161imas u\u017etruks 10 minu\u010di\u0173, per t\u0105 laik\u0105 gal\u0117site daugiau laiko praleisti su \u0161eima, u\u017esiimti verslu, o g\u0117rimas i\u0161eis kaip kavin\u0117je. . Vaisi\u0173 u\u017epildai ir tyr\u0117s patiks ir vaikams, nes juose yra nat\u016brali\u0173 ingredient\u0173. Vaisi\u0173 ir [&hellip;]<\/p>\n","protected":false},"featured_media":14928,"comment_status":"closed","ping_status":"closed","template":"","meta":[],"product_brand":[],"product_cat":[305,168],"product_tag":[],"class_list":{"0":"post-14934","1":"product","2":"type-product","3":"status-publish","4":"has-post-thumbnail","6":"product_cat-dzerieni-lt","7":"product_cat-sirupi-lt","9":"first","10":"outofstock","11":"taxable","12":"shipping-taxable","13":"purchasable","14":"product-type-simple"},"_links":{"self":[{"href":"https:\/\/gourmetmarket.lv\/lt\/wp-json\/wp\/v2\/product\/14934","targetHints":{"allow":["GET"]}}],"collection":[{"href":"https:\/\/gourmetmarket.lv\/lt\/wp-json\/wp\/v2\/product"}],"about":[{"href":"https:\/\/gourmetmarket.lv\/lt\/wp-json\/wp\/v2\/types\/product"}],"replies":[{"embeddable":true,"href":"https:\/\/gourmetmarket.lv\/lt\/wp-json\/wp\/v2\/comments?post=14934"}],"version-history":[{"count":2,"href":"https:\/\/gourmetmarket.lv\/lt\/wp-json\/wp\/v2\/product\/14934\/revisions"}],"predecessor-version":[{"id":14944,"href":"https:\/\/gourmetmarket.lv\/lt\/wp-json\/wp\/v2\/product\/14934\/revisions\/14944"}],"wp:featuredmedia":[{"embeddable":true,"href":"https:\/\/gourmetmarket.lv\/lt\/wp-json\/wp\/v2\/media\/14928"}],"wp:attachment":[{"href":"https:\/\/gourmetmarket.lv\/lt\/wp-json\/wp\/v2\/media?parent=14934"}],"wp:term":[{"taxonomy":"product_brand","embeddable":true,"href":"https:\/\/gourmetmarket.lv\/lt\/wp-json\/wp\/v2\/product_brand?post=14934"},{"taxonomy":"product_cat","embeddable":true,"href":"https:\/\/gourmetmarket.lv\/lt\/wp-json\/wp\/v2\/product_cat?post=14934"},{"taxonomy":"product_tag","embeddable":true,"href":"https:\/\/gourmetmarket.lv\/lt\/wp-json\/wp\/v2\/product_tag?post=14934"}],"curies":[{"name":"wp","href":"https:\/\/api.w.org\/{rel}","templated":true}]}}