{"id":14627,"date":"2024-05-14T11:09:10","date_gmt":"2024-05-14T08:09:10","guid":{"rendered":"https:\/\/gourmetmarket.lv\/product\/mix-lukums-ar-kremu-1kg%c2%b1\/"},"modified":"2024-05-14T12:02:23","modified_gmt":"2024-05-14T09:02:23","slug":"mix-lukums-ar-kremu-1kg%c2%b1","status":"publish","type":"product","link":"https:\/\/gourmetmarket.lv\/lt\/produktas\/mix-lukums-ar-kremu-1kg%c2%b1\/","title":{"rendered":"Sumai\u0161ykite loukum\u0105 su grietin\u0117le 1kg(\u00b1)"},"content":{"rendered":"<p>Rank\u0173 darbo rytieti\u0161ki saldainiai i\u0161 nat\u016brali\u0173 ingredient\u0173 ir nepamir\u0161tamo skonio.<\/p>\n<p>Kreminis loukum rinkinys.<\/p>\n<p>Puikus rinkinys nustebinti sve\u010dius per \u0161vent\u0119 ir paragauti \u0161i\u0173 nenugalim\u0173 rytieti\u0161k\u0173 skoni\u0173<\/p>\n","protected":false},"excerpt":{"rendered":"<p>Rank\u0173 darbo rytieti\u0161ki saldainiai i\u0161 nat\u016brali\u0173 ingredient\u0173 ir nepamir\u0161tamo skonio. Kreminis loukum rinkinys. Puikus rinkinys nustebinti sve\u010dius per \u0161vent\u0119 ir paragauti \u0161i\u0173 nenugalim\u0173 rytieti\u0161k\u0173 skoni\u0173<\/p>\n","protected":false},"featured_media":14530,"comment_status":"closed","ping_status":"closed","template":"","meta":[],"product_brand":[],"product_cat":[81,236,259,233,163],"product_tag":[],"class_list":{"0":"post-14627","1":"product","2":"type-product","3":"status-publish","4":"has-post-thumbnail","6":"product_cat-saldainiai","7":"product_cat-austrumu-saldumi-lt","8":"product_cat-rinkiniai","9":"product_cat-saldumi-2-lt","10":"product_cat-lukumas-lt","12":"first","13":"instock","14":"taxable","15":"shipping-taxable","16":"purchasable","17":"product-type-simple"},"_links":{"self":[{"href":"https:\/\/gourmetmarket.lv\/lt\/wp-json\/wp\/v2\/product\/14627","targetHints":{"allow":["GET"]}}],"collection":[{"href":"https:\/\/gourmetmarket.lv\/lt\/wp-json\/wp\/v2\/product"}],"about":[{"href":"https:\/\/gourmetmarket.lv\/lt\/wp-json\/wp\/v2\/types\/product"}],"replies":[{"embeddable":true,"href":"https:\/\/gourmetmarket.lv\/lt\/wp-json\/wp\/v2\/comments?post=14627"}],"version-history":[{"count":2,"href":"https:\/\/gourmetmarket.lv\/lt\/wp-json\/wp\/v2\/product\/14627\/revisions"}],"predecessor-version":[{"id":14636,"href":"https:\/\/gourmetmarket.lv\/lt\/wp-json\/wp\/v2\/product\/14627\/revisions\/14636"}],"wp:featuredmedia":[{"embeddable":true,"href":"https:\/\/gourmetmarket.lv\/lt\/wp-json\/wp\/v2\/media\/14530"}],"wp:attachment":[{"href":"https:\/\/gourmetmarket.lv\/lt\/wp-json\/wp\/v2\/media?parent=14627"}],"wp:term":[{"taxonomy":"product_brand","embeddable":true,"href":"https:\/\/gourmetmarket.lv\/lt\/wp-json\/wp\/v2\/product_brand?post=14627"},{"taxonomy":"product_cat","embeddable":true,"href":"https:\/\/gourmetmarket.lv\/lt\/wp-json\/wp\/v2\/product_cat?post=14627"},{"taxonomy":"product_tag","embeddable":true,"href":"https:\/\/gourmetmarket.lv\/lt\/wp-json\/wp\/v2\/product_tag?post=14627"}],"curies":[{"name":"wp","href":"https:\/\/api.w.org\/{rel}","templated":true}]}}