{"id":14603,"date":"2024-05-13T13:05:11","date_gmt":"2024-05-13T10:05:11","guid":{"rendered":"https:\/\/gourmetmarket.lv\/product\/lukuma-mix-ar-kremu-250gr%c2%b1\/"},"modified":"2024-05-13T13:08:42","modified_gmt":"2024-05-13T10:08:42","slug":"lukuma-mix-ar-kremu-250gr%c2%b1","status":"publish","type":"product","link":"https:\/\/gourmetmarket.lv\/lt\/produktas\/lukuma-mix-ar-kremu-250gr%c2%b1\/","title":{"rendered":"Sumai\u0161ykite loukum\u0105 su grietin\u0117le 250gr."},"content":{"rendered":"<p>Rank\u0173 darbo rytieti\u0161ki saldainiai i\u0161 nat\u016brali\u0173 ingredient\u0173 ir nepamir\u0161tamo skonio.<\/p>\n<p>Kreminis loukum rinkinys.<\/p>\n","protected":false},"excerpt":{"rendered":"<p>Rank\u0173 darbo rytieti\u0161ki saldainiai i\u0161 nat\u016brali\u0173 ingredient\u0173 ir nepamir\u0161tamo skonio. Kreminis loukum rinkinys.<\/p>\n","protected":false},"featured_media":14545,"comment_status":"closed","ping_status":"closed","template":"","meta":[],"product_brand":[],"product_cat":[81,236,259,233,163],"product_tag":[],"class_list":{"0":"post-14603","1":"product","2":"type-product","3":"status-publish","4":"has-post-thumbnail","6":"product_cat-saldainiai","7":"product_cat-austrumu-saldumi-lt","8":"product_cat-rinkiniai","9":"product_cat-saldumi-2-lt","10":"product_cat-lukumas-lt","12":"first","13":"instock","14":"taxable","15":"shipping-taxable","16":"purchasable","17":"product-type-simple"},"_links":{"self":[{"href":"https:\/\/gourmetmarket.lv\/lt\/wp-json\/wp\/v2\/product\/14603","targetHints":{"allow":["GET"]}}],"collection":[{"href":"https:\/\/gourmetmarket.lv\/lt\/wp-json\/wp\/v2\/product"}],"about":[{"href":"https:\/\/gourmetmarket.lv\/lt\/wp-json\/wp\/v2\/types\/product"}],"replies":[{"embeddable":true,"href":"https:\/\/gourmetmarket.lv\/lt\/wp-json\/wp\/v2\/comments?post=14603"}],"version-history":[{"count":1,"href":"https:\/\/gourmetmarket.lv\/lt\/wp-json\/wp\/v2\/product\/14603\/revisions"}],"predecessor-version":[{"id":14607,"href":"https:\/\/gourmetmarket.lv\/lt\/wp-json\/wp\/v2\/product\/14603\/revisions\/14607"}],"wp:featuredmedia":[{"embeddable":true,"href":"https:\/\/gourmetmarket.lv\/lt\/wp-json\/wp\/v2\/media\/14545"}],"wp:attachment":[{"href":"https:\/\/gourmetmarket.lv\/lt\/wp-json\/wp\/v2\/media?parent=14603"}],"wp:term":[{"taxonomy":"product_brand","embeddable":true,"href":"https:\/\/gourmetmarket.lv\/lt\/wp-json\/wp\/v2\/product_brand?post=14603"},{"taxonomy":"product_cat","embeddable":true,"href":"https:\/\/gourmetmarket.lv\/lt\/wp-json\/wp\/v2\/product_cat?post=14603"},{"taxonomy":"product_tag","embeddable":true,"href":"https:\/\/gourmetmarket.lv\/lt\/wp-json\/wp\/v2\/product_tag?post=14603"}],"curies":[{"name":"wp","href":"https:\/\/api.w.org\/{rel}","templated":true}]}}