{"id":14591,"date":"2024-05-13T12:44:54","date_gmt":"2024-05-13T09:44:54","guid":{"rendered":"https:\/\/gourmetmarket.lv\/product\/mix-lukum-ar-kremu-250gr-%c2%b1\/"},"modified":"2024-05-13T12:55:54","modified_gmt":"2024-05-13T09:55:54","slug":"mix-lukum-ar-kremu-250gr-%c2%b1","status":"publish","type":"product","link":"https:\/\/gourmetmarket.lv\/lt\/produktas\/mix-lukum-ar-kremu-250gr-%c2%b1\/","title":{"rendered":"Sumai\u0161ykite loukum\u0105 su grietin\u0117le 250gr. (\u00b1)"},"content":{"rendered":"<p>Rank\u0173 darbo rytieti\u0161ki saldainiai i\u0161 nat\u016brali\u0173 ingredient\u0173 ir nepamir\u0161tamo skonio.<\/p>\n<p>Kreminis loukum rinkinys.<\/p>\n","protected":false},"excerpt":{"rendered":"<p>Rank\u0173 darbo rytieti\u0161ki saldainiai i\u0161 nat\u016brali\u0173 ingredient\u0173 ir nepamir\u0161tamo skonio. Kreminis loukum rinkinys.<\/p>\n","protected":false},"featured_media":14540,"comment_status":"closed","ping_status":"closed","template":"","meta":[],"product_brand":[],"product_cat":[81,236,163],"product_tag":[],"class_list":{"0":"post-14591","1":"product","2":"type-product","3":"status-publish","4":"has-post-thumbnail","6":"product_cat-saldainiai","7":"product_cat-austrumu-saldumi-lt","8":"product_cat-lukumas-lt","10":"first","11":"instock","12":"taxable","13":"shipping-taxable","14":"purchasable","15":"product-type-simple"},"_links":{"self":[{"href":"https:\/\/gourmetmarket.lv\/lt\/wp-json\/wp\/v2\/product\/14591","targetHints":{"allow":["GET"]}}],"collection":[{"href":"https:\/\/gourmetmarket.lv\/lt\/wp-json\/wp\/v2\/product"}],"about":[{"href":"https:\/\/gourmetmarket.lv\/lt\/wp-json\/wp\/v2\/types\/product"}],"replies":[{"embeddable":true,"href":"https:\/\/gourmetmarket.lv\/lt\/wp-json\/wp\/v2\/comments?post=14591"}],"version-history":[{"count":1,"href":"https:\/\/gourmetmarket.lv\/lt\/wp-json\/wp\/v2\/product\/14591\/revisions"}],"predecessor-version":[{"id":14595,"href":"https:\/\/gourmetmarket.lv\/lt\/wp-json\/wp\/v2\/product\/14591\/revisions\/14595"}],"wp:featuredmedia":[{"embeddable":true,"href":"https:\/\/gourmetmarket.lv\/lt\/wp-json\/wp\/v2\/media\/14540"}],"wp:attachment":[{"href":"https:\/\/gourmetmarket.lv\/lt\/wp-json\/wp\/v2\/media?parent=14591"}],"wp:term":[{"taxonomy":"product_brand","embeddable":true,"href":"https:\/\/gourmetmarket.lv\/lt\/wp-json\/wp\/v2\/product_brand?post=14591"},{"taxonomy":"product_cat","embeddable":true,"href":"https:\/\/gourmetmarket.lv\/lt\/wp-json\/wp\/v2\/product_cat?post=14591"},{"taxonomy":"product_tag","embeddable":true,"href":"https:\/\/gourmetmarket.lv\/lt\/wp-json\/wp\/v2\/product_tag?post=14591"}],"curies":[{"name":"wp","href":"https:\/\/api.w.org\/{rel}","templated":true}]}}