{"id":14580,"date":"2024-05-13T11:54:09","date_gmt":"2024-05-13T08:54:09","guid":{"rendered":"https:\/\/gourmetmarket.lv\/product\/mix-lukums-ar-kremu-600gr-%c2%b140gr\/"},"modified":"2024-05-13T12:25:06","modified_gmt":"2024-05-13T09:25:06","slug":"mix-lukums-ar-kremu-600gr-%c2%b140gr","status":"publish","type":"product","link":"https:\/\/gourmetmarket.lv\/lt\/produktas\/mix-lukums-ar-kremu-600gr-%c2%b140gr\/","title":{"rendered":"Sumai\u0161ykite loukum\u0105 su grietin\u0117le 600gr. (\u00b140gr.)"},"content":{"rendered":"<p>Rank\u0173 darbo rytieti\u0161ki saldainiai i\u0161 nat\u016brali\u0173 ingredient\u0173 ir nepamir\u0161tamo skonio.<\/p>\n<p>Kreminis loukum rinkinys.<\/p>\n","protected":false},"excerpt":{"rendered":"<p>Rank\u0173 darbo rytieti\u0161ki saldainiai i\u0161 nat\u016brali\u0173 ingredient\u0173 ir nepamir\u0161tamo skonio. Kreminis loukum rinkinys.<\/p>\n","protected":false},"featured_media":14535,"comment_status":"closed","ping_status":"closed","template":"","meta":[],"product_brand":[],"product_cat":[81,236,259,233,163],"product_tag":[],"class_list":{"0":"post-14580","1":"product","2":"type-product","3":"status-publish","4":"has-post-thumbnail","6":"product_cat-saldainiai","7":"product_cat-austrumu-saldumi-lt","8":"product_cat-rinkiniai","9":"product_cat-saldumi-2-lt","10":"product_cat-lukumas-lt","12":"first","13":"instock","14":"taxable","15":"shipping-taxable","16":"purchasable","17":"product-type-simple"},"_links":{"self":[{"href":"https:\/\/gourmetmarket.lv\/lt\/wp-json\/wp\/v2\/product\/14580","targetHints":{"allow":["GET"]}}],"collection":[{"href":"https:\/\/gourmetmarket.lv\/lt\/wp-json\/wp\/v2\/product"}],"about":[{"href":"https:\/\/gourmetmarket.lv\/lt\/wp-json\/wp\/v2\/types\/product"}],"replies":[{"embeddable":true,"href":"https:\/\/gourmetmarket.lv\/lt\/wp-json\/wp\/v2\/comments?post=14580"}],"version-history":[{"count":1,"href":"https:\/\/gourmetmarket.lv\/lt\/wp-json\/wp\/v2\/product\/14580\/revisions"}],"predecessor-version":[{"id":14584,"href":"https:\/\/gourmetmarket.lv\/lt\/wp-json\/wp\/v2\/product\/14580\/revisions\/14584"}],"wp:featuredmedia":[{"embeddable":true,"href":"https:\/\/gourmetmarket.lv\/lt\/wp-json\/wp\/v2\/media\/14535"}],"wp:attachment":[{"href":"https:\/\/gourmetmarket.lv\/lt\/wp-json\/wp\/v2\/media?parent=14580"}],"wp:term":[{"taxonomy":"product_brand","embeddable":true,"href":"https:\/\/gourmetmarket.lv\/lt\/wp-json\/wp\/v2\/product_brand?post=14580"},{"taxonomy":"product_cat","embeddable":true,"href":"https:\/\/gourmetmarket.lv\/lt\/wp-json\/wp\/v2\/product_cat?post=14580"},{"taxonomy":"product_tag","embeddable":true,"href":"https:\/\/gourmetmarket.lv\/lt\/wp-json\/wp\/v2\/product_tag?post=14580"}],"curies":[{"name":"wp","href":"https:\/\/api.w.org\/{rel}","templated":true}]}}