{"id":14386,"date":"2024-05-07T14:19:01","date_gmt":"2024-05-07T11:19:01","guid":{"rendered":"https:\/\/gourmetmarket.lv\/product\/zemenu-lukum-ar-mandelem-un-kremu-s136\/"},"modified":"2025-03-04T13:06:42","modified_gmt":"2025-03-04T11:06:42","slug":"zemenu-lukum-ar-mandelem-un-kremu-s136","status":"publish","type":"product","link":"https:\/\/gourmetmarket.lv\/lt\/produktas\/zemenu-lukum-ar-mandelem-un-kremu-s136\/","title":{"rendered":"Zeme\u0146u lukums ar mandel\u0113m un kr\u0113mu (s136)"},"content":{"rendered":"","protected":false},"excerpt":{"rendered":"","protected":false},"featured_media":14363,"comment_status":"closed","ping_status":"closed","template":"","meta":[],"product_brand":[],"product_cat":[81,236,163],"product_tag":[],"class_list":{"0":"post-14386","1":"product","2":"type-product","3":"status-publish","4":"has-post-thumbnail","6":"product_cat-saldainiai","7":"product_cat-austrumu-saldumi-lt","8":"product_cat-lukumas-lt","10":"first","11":"instock","12":"taxable","13":"shipping-taxable","14":"purchasable","15":"product-type-simple"},"_links":{"self":[{"href":"https:\/\/gourmetmarket.lv\/lt\/wp-json\/wp\/v2\/product\/14386","targetHints":{"allow":["GET"]}}],"collection":[{"href":"https:\/\/gourmetmarket.lv\/lt\/wp-json\/wp\/v2\/product"}],"about":[{"href":"https:\/\/gourmetmarket.lv\/lt\/wp-json\/wp\/v2\/types\/product"}],"replies":[{"embeddable":true,"href":"https:\/\/gourmetmarket.lv\/lt\/wp-json\/wp\/v2\/comments?post=14386"}],"version-history":[{"count":1,"href":"https:\/\/gourmetmarket.lv\/lt\/wp-json\/wp\/v2\/product\/14386\/revisions"}],"predecessor-version":[{"id":14391,"href":"https:\/\/gourmetmarket.lv\/lt\/wp-json\/wp\/v2\/product\/14386\/revisions\/14391"}],"wp:featuredmedia":[{"embeddable":true,"href":"https:\/\/gourmetmarket.lv\/lt\/wp-json\/wp\/v2\/media\/14363"}],"wp:attachment":[{"href":"https:\/\/gourmetmarket.lv\/lt\/wp-json\/wp\/v2\/media?parent=14386"}],"wp:term":[{"taxonomy":"product_brand","embeddable":true,"href":"https:\/\/gourmetmarket.lv\/lt\/wp-json\/wp\/v2\/product_brand?post=14386"},{"taxonomy":"product_cat","embeddable":true,"href":"https:\/\/gourmetmarket.lv\/lt\/wp-json\/wp\/v2\/product_cat?post=14386"},{"taxonomy":"product_tag","embeddable":true,"href":"https:\/\/gourmetmarket.lv\/lt\/wp-json\/wp\/v2\/product_tag?post=14386"}],"curies":[{"name":"wp","href":"https:\/\/api.w.org\/{rel}","templated":true}]}}