{"id":14223,"date":"2024-04-17T11:21:59","date_gmt":"2024-04-17T08:21:59","guid":{"rendered":"https:\/\/gourmetmarket.lv\/product\/garsvielu-maisijums-ar-dzirnavinam-0750g\/"},"modified":"2024-11-19T09:48:16","modified_gmt":"2024-11-19T07:48:16","slug":"garsvielu-maisijums-ar-dzirnavinam-0750g","status":"publish","type":"product","link":"https:\/\/gourmetmarket.lv\/lt\/produktas\/garsvielu-maisijums-ar-dzirnavinam-0750g\/","title":{"rendered":"Gar\u0161vielu mais\u012bjums ar dzirnavi\u0146\u0101m"},"content":{"rendered":"<p>Gar\u0161vielas ir pamatu pamats , lai jebkur\u0161 gatavotais \u0113diens izdotos gar\u0161\u012bgs un arom\u0101tisks.<\/p>\n","protected":false},"excerpt":{"rendered":"<p>Gar\u0161vielas ir pamatu pamats , lai jebkur\u0161 gatavotais \u0113diens izdotos gar\u0161\u012bgs un arom\u0101tisks.<\/p>\n","protected":false},"featured_media":13985,"comment_status":"closed","ping_status":"closed","template":"","meta":[],"product_brand":[],"product_cat":[169,296,239],"product_tag":[],"class_list":{"0":"post-14223","1":"product","2":"type-product","3":"status-publish","4":"has-post-thumbnail","6":"product_cat-additives-lt","7":"product_cat-garshvielas-lt","8":"product_cat-piedevas-2-lt","10":"first","11":"instock","12":"taxable","13":"shipping-taxable","14":"purchasable","15":"product-type-simple"},"_links":{"self":[{"href":"https:\/\/gourmetmarket.lv\/lt\/wp-json\/wp\/v2\/product\/14223","targetHints":{"allow":["GET"]}}],"collection":[{"href":"https:\/\/gourmetmarket.lv\/lt\/wp-json\/wp\/v2\/product"}],"about":[{"href":"https:\/\/gourmetmarket.lv\/lt\/wp-json\/wp\/v2\/types\/product"}],"replies":[{"embeddable":true,"href":"https:\/\/gourmetmarket.lv\/lt\/wp-json\/wp\/v2\/comments?post=14223"}],"version-history":[{"count":2,"href":"https:\/\/gourmetmarket.lv\/lt\/wp-json\/wp\/v2\/product\/14223\/revisions"}],"predecessor-version":[{"id":14247,"href":"https:\/\/gourmetmarket.lv\/lt\/wp-json\/wp\/v2\/product\/14223\/revisions\/14247"}],"wp:featuredmedia":[{"embeddable":true,"href":"https:\/\/gourmetmarket.lv\/lt\/wp-json\/wp\/v2\/media\/13985"}],"wp:attachment":[{"href":"https:\/\/gourmetmarket.lv\/lt\/wp-json\/wp\/v2\/media?parent=14223"}],"wp:term":[{"taxonomy":"product_brand","embeddable":true,"href":"https:\/\/gourmetmarket.lv\/lt\/wp-json\/wp\/v2\/product_brand?post=14223"},{"taxonomy":"product_cat","embeddable":true,"href":"https:\/\/gourmetmarket.lv\/lt\/wp-json\/wp\/v2\/product_cat?post=14223"},{"taxonomy":"product_tag","embeddable":true,"href":"https:\/\/gourmetmarket.lv\/lt\/wp-json\/wp\/v2\/product_tag?post=14223"}],"curies":[{"name":"wp","href":"https:\/\/api.w.org\/{rel}","templated":true}]}}