{"id":13675,"date":"2024-03-08T14:15:57","date_gmt":"2024-03-08T12:15:57","guid":{"rendered":"https:\/\/gourmetmarket.lv\/?post_type=product&#038;p=13675"},"modified":"2025-02-11T13:08:25","modified_gmt":"2025-02-11T11:08:25","slug":"pieninio-ir-juodojo-sokolado-figuru-rinkinys-sauksteliai-54gr-ebk129-kopija","status":"publish","type":"product","link":"https:\/\/gourmetmarket.lv\/lt\/produktas\/pieninio-ir-juodojo-sokolado-figuru-rinkinys-sauksteliai-54gr-ebk129-kopija\/","title":{"rendered":"KARAMELINIAI \u0160OKOLADINIAI \u0160auk\u0161teliai 54g EBK172"},"content":{"rendered":"<p>Pieninio ir juodojo \u0161okolado \u0161auk\u0161teliai tiks puikiai tiek kavoje, tiek prie kavos.<\/p>\n","protected":false},"excerpt":{"rendered":"<p>Pieninio ir juodojo \u0161okolado \u0161auk\u0161teliai tiks puikiai tiek kavoje, tiek prie kavos.<\/p>\n","protected":false},"featured_media":13681,"comment_status":"closed","ping_status":"closed","template":"","meta":[],"product_brand":[],"product_cat":[81,233,281],"product_tag":[],"class_list":{"0":"post-13675","1":"product","2":"type-product","3":"status-publish","4":"has-post-thumbnail","6":"product_cat-saldainiai","7":"product_cat-saldumi-2-lt","8":"product_cat-sokolade-lt","10":"first","11":"instock","12":"taxable","13":"shipping-taxable","14":"purchasable","15":"product-type-simple"},"_links":{"self":[{"href":"https:\/\/gourmetmarket.lv\/lt\/wp-json\/wp\/v2\/product\/13675","targetHints":{"allow":["GET"]}}],"collection":[{"href":"https:\/\/gourmetmarket.lv\/lt\/wp-json\/wp\/v2\/product"}],"about":[{"href":"https:\/\/gourmetmarket.lv\/lt\/wp-json\/wp\/v2\/types\/product"}],"replies":[{"embeddable":true,"href":"https:\/\/gourmetmarket.lv\/lt\/wp-json\/wp\/v2\/comments?post=13675"}],"version-history":[{"count":1,"href":"https:\/\/gourmetmarket.lv\/lt\/wp-json\/wp\/v2\/product\/13675\/revisions"}],"predecessor-version":[{"id":13685,"href":"https:\/\/gourmetmarket.lv\/lt\/wp-json\/wp\/v2\/product\/13675\/revisions\/13685"}],"wp:featuredmedia":[{"embeddable":true,"href":"https:\/\/gourmetmarket.lv\/lt\/wp-json\/wp\/v2\/media\/13681"}],"wp:attachment":[{"href":"https:\/\/gourmetmarket.lv\/lt\/wp-json\/wp\/v2\/media?parent=13675"}],"wp:term":[{"taxonomy":"product_brand","embeddable":true,"href":"https:\/\/gourmetmarket.lv\/lt\/wp-json\/wp\/v2\/product_brand?post=13675"},{"taxonomy":"product_cat","embeddable":true,"href":"https:\/\/gourmetmarket.lv\/lt\/wp-json\/wp\/v2\/product_cat?post=13675"},{"taxonomy":"product_tag","embeddable":true,"href":"https:\/\/gourmetmarket.lv\/lt\/wp-json\/wp\/v2\/product_tag?post=13675"}],"curies":[{"name":"wp","href":"https:\/\/api.w.org\/{rel}","templated":true}]}}