{"id":13590,"date":"2024-03-07T14:47:31","date_gmt":"2024-03-07T12:47:31","guid":{"rendered":"https:\/\/gourmetmarket.lv\/product\/juoduju-sokoladu-visu-braskiu-dragijos-80g-edk150\/"},"modified":"2024-03-07T17:01:21","modified_gmt":"2024-03-07T15:01:21","slug":"juoduju-sokoladu-visu-braskiu-dragijos-80g-edk150","status":"publish","type":"product","link":"https:\/\/gourmetmarket.lv\/lt\/produktas\/juoduju-sokoladu-visu-braskiu-dragijos-80g-edk150\/","title":{"rendered":"VIS\u0172 BRAK\u0160\u010cI\u0172 DRAGIJOS TUOSIUOSE \u0160OKOLADOJE 80g EDK150"},"content":{"rendered":"","protected":false},"excerpt":{"rendered":"","protected":false},"featured_media":13583,"comment_status":"closed","ping_status":"closed","template":"","meta":[],"product_brand":[],"product_cat":[233,283,281],"product_tag":[],"class_list":{"0":"post-13590","1":"product","2":"type-product","3":"status-publish","4":"has-post-thumbnail","6":"product_cat-saldumi-2-lt","7":"product_cat-drazeja-lt","8":"product_cat-sokolade-lt","10":"first","11":"outofstock","12":"taxable","13":"shipping-taxable","14":"purchasable","15":"product-type-simple"},"_links":{"self":[{"href":"https:\/\/gourmetmarket.lv\/lt\/wp-json\/wp\/v2\/product\/13590","targetHints":{"allow":["GET"]}}],"collection":[{"href":"https:\/\/gourmetmarket.lv\/lt\/wp-json\/wp\/v2\/product"}],"about":[{"href":"https:\/\/gourmetmarket.lv\/lt\/wp-json\/wp\/v2\/types\/product"}],"replies":[{"embeddable":true,"href":"https:\/\/gourmetmarket.lv\/lt\/wp-json\/wp\/v2\/comments?post=13590"}],"version-history":[{"count":1,"href":"https:\/\/gourmetmarket.lv\/lt\/wp-json\/wp\/v2\/product\/13590\/revisions"}],"predecessor-version":[{"id":13594,"href":"https:\/\/gourmetmarket.lv\/lt\/wp-json\/wp\/v2\/product\/13590\/revisions\/13594"}],"wp:featuredmedia":[{"embeddable":true,"href":"https:\/\/gourmetmarket.lv\/lt\/wp-json\/wp\/v2\/media\/13583"}],"wp:attachment":[{"href":"https:\/\/gourmetmarket.lv\/lt\/wp-json\/wp\/v2\/media?parent=13590"}],"wp:term":[{"taxonomy":"product_brand","embeddable":true,"href":"https:\/\/gourmetmarket.lv\/lt\/wp-json\/wp\/v2\/product_brand?post=13590"},{"taxonomy":"product_cat","embeddable":true,"href":"https:\/\/gourmetmarket.lv\/lt\/wp-json\/wp\/v2\/product_cat?post=13590"},{"taxonomy":"product_tag","embeddable":true,"href":"https:\/\/gourmetmarket.lv\/lt\/wp-json\/wp\/v2\/product_tag?post=13590"}],"curies":[{"name":"wp","href":"https:\/\/api.w.org\/{rel}","templated":true}]}}