{"id":12914,"date":"2023-08-04T12:46:24","date_gmt":"2023-08-04T09:46:24","guid":{"rendered":"https:\/\/gourmetmarket.lv\/product\/braskes-pienine-sokoladate-dragijos-ed230\/"},"modified":"2023-08-04T12:46:24","modified_gmt":"2023-08-04T09:46:24","slug":"zemenes-piena-sokolade-drazejas-ed230","status":"publish","type":"product","link":"https:\/\/gourmetmarket.lv\/lt\/produktas\/zemenes-piena-sokolade-drazejas-ed230\/","title":{"rendered":"BRA\u0160K\u0116S PIENINE \u0160OKOLADATE, DRAGIJOS. ED230"},"content":{"rendered":"","protected":false},"excerpt":{"rendered":"","protected":false},"featured_media":12909,"comment_status":"closed","ping_status":"closed","template":"","meta":[],"product_brand":[],"product_cat":[81,233,283,281],"product_tag":[],"class_list":{"0":"post-12914","1":"product","2":"type-product","3":"status-publish","4":"has-post-thumbnail","6":"product_cat-saldainiai","7":"product_cat-saldumi-2-lt","8":"product_cat-drazeja-lt","9":"product_cat-sokolade-lt","11":"first","12":"instock","13":"taxable","14":"shipping-taxable","15":"purchasable","16":"product-type-simple"},"_links":{"self":[{"href":"https:\/\/gourmetmarket.lv\/lt\/wp-json\/wp\/v2\/product\/12914","targetHints":{"allow":["GET"]}}],"collection":[{"href":"https:\/\/gourmetmarket.lv\/lt\/wp-json\/wp\/v2\/product"}],"about":[{"href":"https:\/\/gourmetmarket.lv\/lt\/wp-json\/wp\/v2\/types\/product"}],"replies":[{"embeddable":true,"href":"https:\/\/gourmetmarket.lv\/lt\/wp-json\/wp\/v2\/comments?post=12914"}],"version-history":[{"count":0,"href":"https:\/\/gourmetmarket.lv\/lt\/wp-json\/wp\/v2\/product\/12914\/revisions"}],"wp:featuredmedia":[{"embeddable":true,"href":"https:\/\/gourmetmarket.lv\/lt\/wp-json\/wp\/v2\/media\/12909"}],"wp:attachment":[{"href":"https:\/\/gourmetmarket.lv\/lt\/wp-json\/wp\/v2\/media?parent=12914"}],"wp:term":[{"taxonomy":"product_brand","embeddable":true,"href":"https:\/\/gourmetmarket.lv\/lt\/wp-json\/wp\/v2\/product_brand?post=12914"},{"taxonomy":"product_cat","embeddable":true,"href":"https:\/\/gourmetmarket.lv\/lt\/wp-json\/wp\/v2\/product_cat?post=12914"},{"taxonomy":"product_tag","embeddable":true,"href":"https:\/\/gourmetmarket.lv\/lt\/wp-json\/wp\/v2\/product_tag?post=12914"}],"curies":[{"name":"wp","href":"https:\/\/api.w.org\/{rel}","templated":true}]}}