{"id":12583,"date":"2023-07-13T10:06:00","date_gmt":"2023-07-13T07:06:00","guid":{"rendered":"https:\/\/gourmetmarket.lv\/product\/gordal-alyvuoges-su-anciuviu-skoniu-be-kauliuku-2-kg\/"},"modified":"2023-07-13T10:06:00","modified_gmt":"2023-07-13T07:06:00","slug":"gordal-olivas-or-ansovu-garsu-be-tasku-2-kg","status":"publish","type":"product","link":"https:\/\/gourmetmarket.lv\/lt\/produktas\/gordal-olivas-or-ansovu-garsu-be-tasku-2-kg\/","title":{"rendered":"Gordal alyvuog\u0117s su an\u010diuvi\u0173 skoniu, be kauliuk\u0173. 2 kg."},"content":{"rendered":"","protected":false},"excerpt":{"rendered":"","protected":false},"featured_media":12573,"comment_status":"closed","ping_status":"closed","template":"","meta":[],"product_brand":[],"product_cat":[170,242,171],"product_tag":[],"class_list":{"0":"post-12583","1":"product","2":"type-product","3":"status-publish","4":"has-post-thumbnail","6":"product_cat-antipasti-lt","7":"product_cat-uzkodas-lt","8":"product_cat-antipasto-olives-lt","10":"first","11":"instock","12":"taxable","13":"shipping-taxable","14":"purchasable","15":"product-type-simple"},"_links":{"self":[{"href":"https:\/\/gourmetmarket.lv\/lt\/wp-json\/wp\/v2\/product\/12583","targetHints":{"allow":["GET"]}}],"collection":[{"href":"https:\/\/gourmetmarket.lv\/lt\/wp-json\/wp\/v2\/product"}],"about":[{"href":"https:\/\/gourmetmarket.lv\/lt\/wp-json\/wp\/v2\/types\/product"}],"replies":[{"embeddable":true,"href":"https:\/\/gourmetmarket.lv\/lt\/wp-json\/wp\/v2\/comments?post=12583"}],"version-history":[{"count":0,"href":"https:\/\/gourmetmarket.lv\/lt\/wp-json\/wp\/v2\/product\/12583\/revisions"}],"wp:featuredmedia":[{"embeddable":true,"href":"https:\/\/gourmetmarket.lv\/lt\/wp-json\/wp\/v2\/media\/12573"}],"wp:attachment":[{"href":"https:\/\/gourmetmarket.lv\/lt\/wp-json\/wp\/v2\/media?parent=12583"}],"wp:term":[{"taxonomy":"product_brand","embeddable":true,"href":"https:\/\/gourmetmarket.lv\/lt\/wp-json\/wp\/v2\/product_brand?post=12583"},{"taxonomy":"product_cat","embeddable":true,"href":"https:\/\/gourmetmarket.lv\/lt\/wp-json\/wp\/v2\/product_cat?post=12583"},{"taxonomy":"product_tag","embeddable":true,"href":"https:\/\/gourmetmarket.lv\/lt\/wp-json\/wp\/v2\/product_tag?post=12583"}],"curies":[{"name":"wp","href":"https:\/\/api.w.org\/{rel}","templated":true}]}}