{"id":12471,"date":"2023-07-12T11:18:50","date_gmt":"2023-07-12T08:18:50","guid":{"rendered":"https:\/\/gourmetmarket.lv\/product\/gordal-alyvuoges-su-anciuviu-skoniu-be-kauliuku-370-gr\/"},"modified":"2023-07-12T11:25:36","modified_gmt":"2023-07-12T08:25:36","slug":"gordal-olivas-or-ansovu-garsu-be-kaulins-370-gr","status":"publish","type":"product","link":"https:\/\/gourmetmarket.lv\/lt\/produktas\/gordal-olivas-or-ansovu-garsu-be-kaulins-370-gr\/","title":{"rendered":"Gordal alyvuog\u0117s su an\u010diuvi\u0173 skoniu, be kauliuk\u0173. 370 gr."},"content":{"rendered":"","protected":false},"excerpt":{"rendered":"","protected":false},"featured_media":12465,"comment_status":"closed","ping_status":"closed","template":"","meta":[],"product_brand":[],"product_cat":[170,242,171],"product_tag":[],"class_list":{"0":"post-12471","1":"product","2":"type-product","3":"status-publish","4":"has-post-thumbnail","6":"product_cat-antipasti-lt","7":"product_cat-uzkodas-lt","8":"product_cat-antipasto-olives-lt","10":"first","11":"instock","12":"taxable","13":"shipping-taxable","14":"purchasable","15":"product-type-simple"},"_links":{"self":[{"href":"https:\/\/gourmetmarket.lv\/lt\/wp-json\/wp\/v2\/product\/12471","targetHints":{"allow":["GET"]}}],"collection":[{"href":"https:\/\/gourmetmarket.lv\/lt\/wp-json\/wp\/v2\/product"}],"about":[{"href":"https:\/\/gourmetmarket.lv\/lt\/wp-json\/wp\/v2\/types\/product"}],"replies":[{"embeddable":true,"href":"https:\/\/gourmetmarket.lv\/lt\/wp-json\/wp\/v2\/comments?post=12471"}],"version-history":[{"count":1,"href":"https:\/\/gourmetmarket.lv\/lt\/wp-json\/wp\/v2\/product\/12471\/revisions"}],"predecessor-version":[{"id":12472,"href":"https:\/\/gourmetmarket.lv\/lt\/wp-json\/wp\/v2\/product\/12471\/revisions\/12472"}],"wp:featuredmedia":[{"embeddable":true,"href":"https:\/\/gourmetmarket.lv\/lt\/wp-json\/wp\/v2\/media\/12465"}],"wp:attachment":[{"href":"https:\/\/gourmetmarket.lv\/lt\/wp-json\/wp\/v2\/media?parent=12471"}],"wp:term":[{"taxonomy":"product_brand","embeddable":true,"href":"https:\/\/gourmetmarket.lv\/lt\/wp-json\/wp\/v2\/product_brand?post=12471"},{"taxonomy":"product_cat","embeddable":true,"href":"https:\/\/gourmetmarket.lv\/lt\/wp-json\/wp\/v2\/product_cat?post=12471"},{"taxonomy":"product_tag","embeddable":true,"href":"https:\/\/gourmetmarket.lv\/lt\/wp-json\/wp\/v2\/product_tag?post=12471"}],"curies":[{"name":"wp","href":"https:\/\/api.w.org\/{rel}","templated":true}]}}