{"id":11638,"date":"2023-05-24T12:00:56","date_gmt":"2023-05-24T09:00:56","guid":{"rendered":"https:\/\/gourmetmarket.lv\/product\/prieskoniu-misinys-0750g\/"},"modified":"2023-05-24T12:45:37","modified_gmt":"2023-05-24T09:45:37","slug":"spirit-mix-0750g","status":"publish","type":"product","link":"https:\/\/gourmetmarket.lv\/lt\/produktas\/spirit-mix-0750g\/","title":{"rendered":"Prieskoni\u0173 mi\u0161inys. 0,750g."},"content":{"rendered":"<p>Geri prieskoniai tur\u0117t\u0173 b\u016bti kiekvienuose namuose. Su m\u016bs\u0173 prieskoniais j\u016bs\u0173 maistas bus dar skanesnis.<\/p>\n","protected":false},"excerpt":{"rendered":"<p>Geri prieskoniai tur\u0117t\u0173 b\u016bti kiekvienuose namuose. Su m\u016bs\u0173 prieskoniais j\u016bs\u0173 maistas bus dar skanesnis.<\/p>\n","protected":false},"featured_media":13117,"comment_status":"closed","ping_status":"closed","template":"","meta":[],"product_brand":[],"product_cat":[169,296,239],"product_tag":[],"class_list":{"0":"post-11638","1":"product","2":"type-product","3":"status-publish","4":"has-post-thumbnail","6":"product_cat-additives-lt","7":"product_cat-garshvielas-lt","8":"product_cat-piedevas-2-lt","10":"first","11":"instock","12":"taxable","13":"shipping-taxable","14":"purchasable","15":"product-type-simple"},"_links":{"self":[{"href":"https:\/\/gourmetmarket.lv\/lt\/wp-json\/wp\/v2\/product\/11638","targetHints":{"allow":["GET"]}}],"collection":[{"href":"https:\/\/gourmetmarket.lv\/lt\/wp-json\/wp\/v2\/product"}],"about":[{"href":"https:\/\/gourmetmarket.lv\/lt\/wp-json\/wp\/v2\/types\/product"}],"replies":[{"embeddable":true,"href":"https:\/\/gourmetmarket.lv\/lt\/wp-json\/wp\/v2\/comments?post=11638"}],"version-history":[{"count":1,"href":"https:\/\/gourmetmarket.lv\/lt\/wp-json\/wp\/v2\/product\/11638\/revisions"}],"predecessor-version":[{"id":11643,"href":"https:\/\/gourmetmarket.lv\/lt\/wp-json\/wp\/v2\/product\/11638\/revisions\/11643"}],"wp:featuredmedia":[{"embeddable":true,"href":"https:\/\/gourmetmarket.lv\/lt\/wp-json\/wp\/v2\/media\/13117"}],"wp:attachment":[{"href":"https:\/\/gourmetmarket.lv\/lt\/wp-json\/wp\/v2\/media?parent=11638"}],"wp:term":[{"taxonomy":"product_brand","embeddable":true,"href":"https:\/\/gourmetmarket.lv\/lt\/wp-json\/wp\/v2\/product_brand?post=11638"},{"taxonomy":"product_cat","embeddable":true,"href":"https:\/\/gourmetmarket.lv\/lt\/wp-json\/wp\/v2\/product_cat?post=11638"},{"taxonomy":"product_tag","embeddable":true,"href":"https:\/\/gourmetmarket.lv\/lt\/wp-json\/wp\/v2\/product_tag?post=11638"}],"curies":[{"name":"wp","href":"https:\/\/api.w.org\/{rel}","templated":true}]}}