{"id":10492,"date":"2023-03-31T16:20:08","date_gmt":"2023-03-31T13:20:08","guid":{"rendered":"https:\/\/gourmetmarket.lv\/product\/sokolades-olas-ar-lazdu-riekstiem-ed197\/"},"modified":"2023-04-19T12:47:56","modified_gmt":"2023-04-19T09:47:56","slug":"sokolades-olas-ar-lazdu-riekstiem-ed197","status":"publish","type":"product","link":"https:\/\/gourmetmarket.lv\/lt\/produktas\/sokolades-olas-ar-lazdu-riekstiem-ed197\/","title":{"rendered":"\u0160okoladiniai kiau\u0161iniai su lazdyno rie\u0161utais (ED197)"},"content":{"rendered":"","protected":false},"excerpt":{"rendered":"","protected":false},"featured_media":10486,"comment_status":"closed","ping_status":"closed","template":"","meta":[],"product_brand":[],"product_cat":[81,233,283,281],"product_tag":[],"class_list":{"0":"post-10492","1":"product","2":"type-product","3":"status-publish","4":"has-post-thumbnail","6":"product_cat-saldainiai","7":"product_cat-saldumi-2-lt","8":"product_cat-drazeja-lt","9":"product_cat-sokolade-lt","11":"first","12":"instock","13":"taxable","14":"shipping-taxable","15":"purchasable","16":"product-type-simple"},"_links":{"self":[{"href":"https:\/\/gourmetmarket.lv\/lt\/wp-json\/wp\/v2\/product\/10492","targetHints":{"allow":["GET"]}}],"collection":[{"href":"https:\/\/gourmetmarket.lv\/lt\/wp-json\/wp\/v2\/product"}],"about":[{"href":"https:\/\/gourmetmarket.lv\/lt\/wp-json\/wp\/v2\/types\/product"}],"replies":[{"embeddable":true,"href":"https:\/\/gourmetmarket.lv\/lt\/wp-json\/wp\/v2\/comments?post=10492"}],"version-history":[{"count":3,"href":"https:\/\/gourmetmarket.lv\/lt\/wp-json\/wp\/v2\/product\/10492\/revisions"}],"predecessor-version":[{"id":11154,"href":"https:\/\/gourmetmarket.lv\/lt\/wp-json\/wp\/v2\/product\/10492\/revisions\/11154"}],"wp:featuredmedia":[{"embeddable":true,"href":"https:\/\/gourmetmarket.lv\/lt\/wp-json\/wp\/v2\/media\/10486"}],"wp:attachment":[{"href":"https:\/\/gourmetmarket.lv\/lt\/wp-json\/wp\/v2\/media?parent=10492"}],"wp:term":[{"taxonomy":"product_brand","embeddable":true,"href":"https:\/\/gourmetmarket.lv\/lt\/wp-json\/wp\/v2\/product_brand?post=10492"},{"taxonomy":"product_cat","embeddable":true,"href":"https:\/\/gourmetmarket.lv\/lt\/wp-json\/wp\/v2\/product_cat?post=10492"},{"taxonomy":"product_tag","embeddable":true,"href":"https:\/\/gourmetmarket.lv\/lt\/wp-json\/wp\/v2\/product_tag?post=10492"}],"curies":[{"name":"wp","href":"https:\/\/api.w.org\/{rel}","templated":true}]}}