{"id":10481,"date":"2023-03-31T16:05:06","date_gmt":"2023-03-31T13:05:06","guid":{"rendered":"https:\/\/gourmetmarket.lv\/product\/mandelu-drazejas-parklatas-ar-krasaino-cukuru-mix-ed065\/"},"modified":"2023-04-19T12:48:25","modified_gmt":"2023-04-19T09:48:25","slug":"mandelu-drazejas-parklatas-ar-krasaino-cukuru-mix-ed065","status":"publish","type":"product","link":"https:\/\/gourmetmarket.lv\/lt\/produktas\/mandelu-drazejas-parklatas-ar-krasaino-cukuru-mix-ed065\/","title":{"rendered":"Migdol\u0173 dra\u017e\u0117, padengta spalvotu cukrumi-MIX (ED065)"},"content":{"rendered":"","protected":false},"excerpt":{"rendered":"","protected":false},"featured_media":10474,"comment_status":"closed","ping_status":"closed","template":"","meta":[],"product_brand":[],"product_cat":[81,233,283,281],"product_tag":[],"class_list":{"0":"post-10481","1":"product","2":"type-product","3":"status-publish","4":"has-post-thumbnail","6":"product_cat-saldainiai","7":"product_cat-saldumi-2-lt","8":"product_cat-drazeja-lt","9":"product_cat-sokolade-lt","11":"first","12":"instock","13":"featured","14":"taxable","15":"shipping-taxable","16":"purchasable","17":"product-type-simple"},"_links":{"self":[{"href":"https:\/\/gourmetmarket.lv\/lt\/wp-json\/wp\/v2\/product\/10481","targetHints":{"allow":["GET"]}}],"collection":[{"href":"https:\/\/gourmetmarket.lv\/lt\/wp-json\/wp\/v2\/product"}],"about":[{"href":"https:\/\/gourmetmarket.lv\/lt\/wp-json\/wp\/v2\/types\/product"}],"replies":[{"embeddable":true,"href":"https:\/\/gourmetmarket.lv\/lt\/wp-json\/wp\/v2\/comments?post=10481"}],"version-history":[{"count":3,"href":"https:\/\/gourmetmarket.lv\/lt\/wp-json\/wp\/v2\/product\/10481\/revisions"}],"predecessor-version":[{"id":11155,"href":"https:\/\/gourmetmarket.lv\/lt\/wp-json\/wp\/v2\/product\/10481\/revisions\/11155"}],"wp:featuredmedia":[{"embeddable":true,"href":"https:\/\/gourmetmarket.lv\/lt\/wp-json\/wp\/v2\/media\/10474"}],"wp:attachment":[{"href":"https:\/\/gourmetmarket.lv\/lt\/wp-json\/wp\/v2\/media?parent=10481"}],"wp:term":[{"taxonomy":"product_brand","embeddable":true,"href":"https:\/\/gourmetmarket.lv\/lt\/wp-json\/wp\/v2\/product_brand?post=10481"},{"taxonomy":"product_cat","embeddable":true,"href":"https:\/\/gourmetmarket.lv\/lt\/wp-json\/wp\/v2\/product_cat?post=10481"},{"taxonomy":"product_tag","embeddable":true,"href":"https:\/\/gourmetmarket.lv\/lt\/wp-json\/wp\/v2\/product_tag?post=10481"}],"curies":[{"name":"wp","href":"https:\/\/api.w.org\/{rel}","templated":true}]}}