{"id":10469,"date":"2023-03-31T15:54:48","date_gmt":"2023-03-31T12:54:48","guid":{"rendered":"https:\/\/gourmetmarket.lv\/product\/mandelu-drazejas-balta-sokolade-ar-karameles-garsu-ed201\/"},"modified":"2023-04-19T12:48:52","modified_gmt":"2023-04-19T09:48:52","slug":"mandelu-drazejas-balta-sokolade-ar-karameles-garsu-ed201","status":"publish","type":"product","link":"https:\/\/gourmetmarket.lv\/lt\/produktas\/mandelu-drazejas-balta-sokolade-ar-karameles-garsu-ed201\/","title":{"rendered":"Karamel\u0117s skonio migdol\u0173 dra\u017e\u0117 baltame \u0161okolade (ED201)"},"content":{"rendered":"","protected":false},"excerpt":{"rendered":"","protected":false},"featured_media":10461,"comment_status":"closed","ping_status":"closed","template":"","meta":[],"product_brand":[],"product_cat":[81,233,283,281],"product_tag":[],"class_list":{"0":"post-10469","1":"product","2":"type-product","3":"status-publish","4":"has-post-thumbnail","6":"product_cat-saldainiai","7":"product_cat-saldumi-2-lt","8":"product_cat-drazeja-lt","9":"product_cat-sokolade-lt","11":"first","12":"instock","13":"taxable","14":"shipping-taxable","15":"purchasable","16":"product-type-simple"},"_links":{"self":[{"href":"https:\/\/gourmetmarket.lv\/lt\/wp-json\/wp\/v2\/product\/10469","targetHints":{"allow":["GET"]}}],"collection":[{"href":"https:\/\/gourmetmarket.lv\/lt\/wp-json\/wp\/v2\/product"}],"about":[{"href":"https:\/\/gourmetmarket.lv\/lt\/wp-json\/wp\/v2\/types\/product"}],"replies":[{"embeddable":true,"href":"https:\/\/gourmetmarket.lv\/lt\/wp-json\/wp\/v2\/comments?post=10469"}],"version-history":[{"count":3,"href":"https:\/\/gourmetmarket.lv\/lt\/wp-json\/wp\/v2\/product\/10469\/revisions"}],"predecessor-version":[{"id":11156,"href":"https:\/\/gourmetmarket.lv\/lt\/wp-json\/wp\/v2\/product\/10469\/revisions\/11156"}],"wp:featuredmedia":[{"embeddable":true,"href":"https:\/\/gourmetmarket.lv\/lt\/wp-json\/wp\/v2\/media\/10461"}],"wp:attachment":[{"href":"https:\/\/gourmetmarket.lv\/lt\/wp-json\/wp\/v2\/media?parent=10469"}],"wp:term":[{"taxonomy":"product_brand","embeddable":true,"href":"https:\/\/gourmetmarket.lv\/lt\/wp-json\/wp\/v2\/product_brand?post=10469"},{"taxonomy":"product_cat","embeddable":true,"href":"https:\/\/gourmetmarket.lv\/lt\/wp-json\/wp\/v2\/product_cat?post=10469"},{"taxonomy":"product_tag","embeddable":true,"href":"https:\/\/gourmetmarket.lv\/lt\/wp-json\/wp\/v2\/product_tag?post=10469"}],"curies":[{"name":"wp","href":"https:\/\/api.w.org\/{rel}","templated":true}]}}