{"id":10400,"date":"2023-03-31T13:27:29","date_gmt":"2023-03-31T10:27:29","guid":{"rendered":"https:\/\/gourmetmarket.lv\/product\/piena-un-tumsas-sokolades-karotes-54g-ebk129\/"},"modified":"2023-04-19T13:35:08","modified_gmt":"2023-04-19T10:35:08","slug":"piena-un-tumsas-sokolades-karotes-54g-ebk129","status":"publish","type":"product","link":"https:\/\/gourmetmarket.lv\/lt\/produktas\/piena-un-tumsas-sokolades-karotes-54g-ebk129\/","title":{"rendered":"Pieninio ir juodojo \u0161okolado fig\u016br\u0173 rinkinys &#8220;\u0160auk\u0161teliai&#8221;, 54gr (EBK129)"},"content":{"rendered":"<p>Pieninio ir juodojo \u0161okolado \u0161auk\u0161teliai tiks puikiai tiek kavoje, tiek prie kavos.<\/p>\n","protected":false},"excerpt":{"rendered":"<p>Pieninio ir juodojo \u0161okolado \u0161auk\u0161teliai tiks puikiai tiek kavoje, tiek prie kavos.<\/p>\n","protected":false},"featured_media":10394,"comment_status":"closed","ping_status":"closed","template":"","meta":[],"product_brand":[],"product_cat":[81,233,281],"product_tag":[],"class_list":{"0":"post-10400","1":"product","2":"type-product","3":"status-publish","4":"has-post-thumbnail","6":"product_cat-saldainiai","7":"product_cat-saldumi-2-lt","8":"product_cat-sokolade-lt","10":"first","11":"outofstock","12":"taxable","13":"shipping-taxable","14":"purchasable","15":"product-type-simple"},"_links":{"self":[{"href":"https:\/\/gourmetmarket.lv\/lt\/wp-json\/wp\/v2\/product\/10400","targetHints":{"allow":["GET"]}}],"collection":[{"href":"https:\/\/gourmetmarket.lv\/lt\/wp-json\/wp\/v2\/product"}],"about":[{"href":"https:\/\/gourmetmarket.lv\/lt\/wp-json\/wp\/v2\/types\/product"}],"replies":[{"embeddable":true,"href":"https:\/\/gourmetmarket.lv\/lt\/wp-json\/wp\/v2\/comments?post=10400"}],"version-history":[{"count":2,"href":"https:\/\/gourmetmarket.lv\/lt\/wp-json\/wp\/v2\/product\/10400\/revisions"}],"predecessor-version":[{"id":11169,"href":"https:\/\/gourmetmarket.lv\/lt\/wp-json\/wp\/v2\/product\/10400\/revisions\/11169"}],"wp:featuredmedia":[{"embeddable":true,"href":"https:\/\/gourmetmarket.lv\/lt\/wp-json\/wp\/v2\/media\/10394"}],"wp:attachment":[{"href":"https:\/\/gourmetmarket.lv\/lt\/wp-json\/wp\/v2\/media?parent=10400"}],"wp:term":[{"taxonomy":"product_brand","embeddable":true,"href":"https:\/\/gourmetmarket.lv\/lt\/wp-json\/wp\/v2\/product_brand?post=10400"},{"taxonomy":"product_cat","embeddable":true,"href":"https:\/\/gourmetmarket.lv\/lt\/wp-json\/wp\/v2\/product_cat?post=10400"},{"taxonomy":"product_tag","embeddable":true,"href":"https:\/\/gourmetmarket.lv\/lt\/wp-json\/wp\/v2\/product_tag?post=10400"}],"curies":[{"name":"wp","href":"https:\/\/api.w.org\/{rel}","templated":true}]}}