{"id":3119,"date":"2023-01-16T10:55:23","date_gmt":"2023-01-16T08:55:23","guid":{"rendered":"http:\/\/hostinger.gourmetmarket.lv\/apie-mus\/"},"modified":"2023-12-31T13:22:50","modified_gmt":"2023-12-31T11:22:50","slug":"apie-mus","status":"publish","type":"page","link":"https:\/\/gourmetmarket.lv\/lt\/apie-mus\/","title":{"rendered":"About us"},"content":{"rendered":"\t\t<div data-elementor-type=\"wp-page\" data-elementor-id=\"3119\" class=\"elementor elementor-3119 elementor-2866\" data-elementor-post-type=\"page\">\n\t\t\t\t<div class=\"elementor-element elementor-element-93e2af7 e-flex e-con-boxed e-con e-parent\" data-id=\"93e2af7\" data-element_type=\"container\">\n\t\t\t\t\t<div class=\"e-con-inner\">\n\t\t<div class=\"elementor-element elementor-element-243a47a e-con-full e-flex e-con e-parent\" data-id=\"243a47a\" data-element_type=\"container\">\n\t\t\t\t<div class=\"elementor-element elementor-element-60bd106 elementor-widget elementor-widget-heading\" data-id=\"60bd106\" data-element_type=\"widget\" data-widget_type=\"heading.default\">\n\t\t\t\t<div class=\"elementor-widget-container\">\n\t\t\t\t\t<h2 class=\"elementor-heading-title elementor-size-default\">Gourmet Market<\/h2>\t\t\t\t<\/div>\n\t\t\t\t<\/div>\n\t\t\t\t<div class=\"elementor-element elementor-element-80234ea elementor-widget elementor-widget-text-editor\" data-id=\"80234ea\" data-element_type=\"widget\" data-widget_type=\"text-editor.default\">\n\t\t\t\t<div class=\"elementor-widget-container\">\n\t\t\t\t\t\t\t\t\t<p>Gourmet Market si\u016blo plat\u0173 preki\u0173 asortiment\u0105 gurmanams ir ne tik.<\/p><p>Dirbame tiesiogiai su gamintojais.<\/p><p>Gourmet Market si\u016blo auk\u0161tos kokyb\u0117s rytieti\u0161kus saldumynus, arbatas, sirupus, taip pat plat\u0173 alyvuogi\u0173, paprikos, pada\u017e\u0173 ir kt.<\/p><p>Savo klientus d\u017eiuginame tikrai gerais gaminiais. Kruop\u0161\u010diai atrenkame gaminius, i\u0161studijav\u0119 j\u0173 sud\u0117t\u012f ir ap\u017evalgas.<\/p><p>Si\u016blome tik tai, k\u0105 pirktume patys!<\/p><p>J\u016bs\u0173 patogumui vis\u0105 asortiment\u0105 galima rasti ir \u012fsigyti nuotoliniu b\u016bdu, keliais pir\u0161to paspaudimais, nei\u0161einant i\u0161 nam\u0173.<\/p><p>Pristatome \u012f visas Baltijos \u0161alis.<\/p><p>Kvie\u010diame bendradarbiauti didmeninius klientus.<\/p>\t\t\t\t\t\t\t\t<\/div>\n\t\t\t\t<\/div>\n\t\t\t\t<\/div>\n\t\t<div class=\"elementor-element elementor-element-f4ceb48 e-con-full e-flex e-con e-parent\" data-id=\"f4ceb48\" data-element_type=\"container\">\n\t\t\t\t<div class=\"elementor-element elementor-element-d53930b elementor-widget elementor-widget-image\" data-id=\"d53930b\" data-element_type=\"widget\" data-widget_type=\"image.default\">\n\t\t\t\t<div class=\"elementor-widget-container\">\n\t\t\t\t\t\t\t\t\t\t\t\t\t\t\t<img fetchpriority=\"high\" decoding=\"async\" width=\"800\" height=\"534\" src=\"https:\/\/gourmetmarket.lv\/wp-content\/uploads\/2023\/01\/sladosti-turciirahat-lukum-1024x683-1.jpg\" class=\"attachment-large size-large wp-image-3025\" alt=\"\" srcset=\"https:\/\/gourmetmarket.lv\/wp-content\/uploads\/2023\/01\/sladosti-turciirahat-lukum-1024x683-1.jpg 1024w, https:\/\/gourmetmarket.lv\/wp-content\/uploads\/2023\/01\/sladosti-turciirahat-lukum-1024x683-1-600x400.jpg 600w, https:\/\/gourmetmarket.lv\/wp-content\/uploads\/2023\/01\/sladosti-turciirahat-lukum-1024x683-1-300x200.jpg 300w, https:\/\/gourmetmarket.lv\/wp-content\/uploads\/2023\/01\/sladosti-turciirahat-lukum-1024x683-1-768x512.jpg 768w\" sizes=\"(max-width: 800px) 100vw, 800px\" \/>\t\t\t\t\t\t\t\t\t\t\t\t\t\t\t<\/div>\n\t\t\t\t<\/div>\n\t\t\t\t<\/div>\n\t\t\t\t\t<\/div>\n\t\t\t\t<\/div>\n\t\t<div class=\"elementor-element elementor-element-2d86fc4 e-flex e-con-boxed e-con e-parent\" data-id=\"2d86fc4\" data-element_type=\"container\">\n\t\t\t\t\t<div class=\"e-con-inner\">\n\t\t\t\t\t<\/div>\n\t\t\t\t<\/div>\n\t\t<div class=\"elementor-element elementor-element-54309f9 e-flex e-con-boxed e-con e-parent\" data-id=\"54309f9\" data-element_type=\"container\">\n\t\t\t\t\t<div class=\"e-con-inner\">\n\t\t<div class=\"elementor-element elementor-element-0513789 e-con-full e-flex e-con e-parent\" data-id=\"0513789\" data-element_type=\"container\">\n\t\t\t\t<div class=\"elementor-element elementor-element-ac4f64b elementor-widget elementor-widget-image\" data-id=\"ac4f64b\" data-element_type=\"widget\" data-widget_type=\"image.default\">\n\t\t\t\t<div class=\"elementor-widget-container\">\n\t\t\t\t\t\t\t\t\t\t\t\t\t\t\t<img decoding=\"async\" width=\"800\" height=\"511\" src=\"https:\/\/gourmetmarket.lv\/wp-content\/uploads\/2023\/01\/jpg_1000_d44d6d32-a238-4a35-809d-ecae66bd04cc.jpg\" class=\"attachment-large size-large wp-image-3103\" alt=\"\" srcset=\"https:\/\/gourmetmarket.lv\/wp-content\/uploads\/2023\/01\/jpg_1000_d44d6d32-a238-4a35-809d-ecae66bd04cc.jpg 940w, https:\/\/gourmetmarket.lv\/wp-content\/uploads\/2023\/01\/jpg_1000_d44d6d32-a238-4a35-809d-ecae66bd04cc-600x383.jpg 600w, https:\/\/gourmetmarket.lv\/wp-content\/uploads\/2023\/01\/jpg_1000_d44d6d32-a238-4a35-809d-ecae66bd04cc-300x191.jpg 300w, https:\/\/gourmetmarket.lv\/wp-content\/uploads\/2023\/01\/jpg_1000_d44d6d32-a238-4a35-809d-ecae66bd04cc-768x490.jpg 768w\" sizes=\"(max-width: 800px) 100vw, 800px\" \/>\t\t\t\t\t\t\t\t\t\t\t\t\t\t\t<\/div>\n\t\t\t\t<\/div>\n\t\t\t\t<\/div>\n\t\t<div class=\"elementor-element elementor-element-c5f7692 e-con-full e-flex e-con e-parent\" data-id=\"c5f7692\" data-element_type=\"container\">\n\t\t\t\t<\/div>\n\t\t<div class=\"elementor-element elementor-element-caedb46 e-con-full e-flex e-con e-parent\" data-id=\"caedb46\" data-element_type=\"container\">\n\t\t\t\t<div class=\"elementor-element elementor-element-52c87e4 elementor-widget elementor-widget-image\" data-id=\"52c87e4\" data-element_type=\"widget\" data-widget_type=\"image.default\">\n\t\t\t\t<div class=\"elementor-widget-container\">\n\t\t\t\t\t\t\t\t\t\t\t\t\t\t\t<img decoding=\"async\" width=\"800\" height=\"506\" src=\"https:\/\/gourmetmarket.lv\/wp-content\/uploads\/2023\/01\/olivki-ili-maslinyi-1-1024x648.jpg\" class=\"attachment-large size-large wp-image-3092\" alt=\"\" srcset=\"https:\/\/gourmetmarket.lv\/wp-content\/uploads\/2023\/01\/olivki-ili-maslinyi-1-1024x648.jpg 1024w, https:\/\/gourmetmarket.lv\/wp-content\/uploads\/2023\/01\/olivki-ili-maslinyi-1-600x380.jpg 600w, https:\/\/gourmetmarket.lv\/wp-content\/uploads\/2023\/01\/olivki-ili-maslinyi-1-300x190.jpg 300w, https:\/\/gourmetmarket.lv\/wp-content\/uploads\/2023\/01\/olivki-ili-maslinyi-1-768x486.jpg 768w, https:\/\/gourmetmarket.lv\/wp-content\/uploads\/2023\/01\/olivki-ili-maslinyi-1.jpg 1035w\" sizes=\"(max-width: 800px) 100vw, 800px\" \/>\t\t\t\t\t\t\t\t\t\t\t\t\t\t\t<\/div>\n\t\t\t\t<\/div>\n\t\t\t\t<\/div>\n\t\t\t\t<div class=\"elementor-element elementor-element-ce57450 elementor-widget__width-initial elementor-widget elementor-widget-image\" data-id=\"ce57450\" data-element_type=\"widget\" data-widget_type=\"image.default\">\n\t\t\t\t<div class=\"elementor-widget-container\">\n\t\t\t\t\t\t\t\t\t\t\t\t\t\t\t<img loading=\"lazy\" decoding=\"async\" width=\"285\" height=\"177\" src=\"https:\/\/gourmetmarket.lv\/wp-content\/uploads\/2023\/01\/images-2.jpg\" class=\"attachment-large size-large wp-image-3087\" alt=\"\" \/>\t\t\t\t\t\t\t\t\t\t\t\t\t\t\t<\/div>\n\t\t\t\t<\/div>\n\t\t\t\t\t<\/div>\n\t\t\t\t<\/div>\n\t\t\t\t<\/div>\n\t\t","protected":false},"excerpt":{"rendered":"<p>Gourmet Market Gourmet Market si\u016blo plat\u0173 preki\u0173 asortiment\u0105 gurmanams ir ne tik. Dirbame tiesiogiai su gamintojais. Gourmet Market si\u016blo auk\u0161tos kokyb\u0117s rytieti\u0161kus saldumynus, arbatas, sirupus, taip pat plat\u0173 alyvuogi\u0173, paprikos, pada\u017e\u0173 ir kt. Savo klientus d\u017eiuginame tikrai gerais gaminiais. Kruop\u0161\u010diai atrenkame gaminius, i\u0161studijav\u0119 j\u0173 sud\u0117t\u012f ir ap\u017evalgas. Si\u016blome tik tai, k\u0105 pirktume patys! J\u016bs\u0173 patogumui [&hellip;]<\/p>\n","protected":false},"author":6,"featured_media":0,"parent":0,"menu_order":0,"comment_status":"closed","ping_status":"closed","template":"","meta":{"footnotes":""},"class_list":["post-3119","page","type-page","status-publish","hentry"],"_links":{"self":[{"href":"https:\/\/gourmetmarket.lv\/lt\/wp-json\/wp\/v2\/pages\/3119","targetHints":{"allow":["GET"]}}],"collection":[{"href":"https:\/\/gourmetmarket.lv\/lt\/wp-json\/wp\/v2\/pages"}],"about":[{"href":"https:\/\/gourmetmarket.lv\/lt\/wp-json\/wp\/v2\/types\/page"}],"author":[{"embeddable":true,"href":"https:\/\/gourmetmarket.lv\/lt\/wp-json\/wp\/v2\/users\/6"}],"replies":[{"embeddable":true,"href":"https:\/\/gourmetmarket.lv\/lt\/wp-json\/wp\/v2\/comments?post=3119"}],"version-history":[{"count":11,"href":"https:\/\/gourmetmarket.lv\/lt\/wp-json\/wp\/v2\/pages\/3119\/revisions"}],"predecessor-version":[{"id":8285,"href":"https:\/\/gourmetmarket.lv\/lt\/wp-json\/wp\/v2\/pages\/3119\/revisions\/8285"}],"wp:attachment":[{"href":"https:\/\/gourmetmarket.lv\/lt\/wp-json\/wp\/v2\/media?parent=3119"}],"curies":[{"name":"wp","href":"https:\/\/api.w.org\/{rel}","templated":true}]}}