{"id":3799,"date":"2023-01-17T10:52:52","date_gmt":"2023-01-17T08:52:52","guid":{"rendered":"http:\/\/hostinger.gourmetmarket.lv\/product\/granatabolu-lukum-ar-pistacijam-5kg\/"},"modified":"2025-02-17T14:45:00","modified_gmt":"2025-02-17T12:45:00","slug":"granatabolu-lukum-ar-pistacijam-5kg","status":"publish","type":"product","link":"https:\/\/gourmetmarket.lv\/et\/toode\/granatabolu-lukum-ar-pistacijam-5kg\/","title":{"rendered":"Granaat\u00f5una louche pistaatsiap\u00e4hklitega. (f101)"},"content":{"rendered":"<p>Looduslike koostisosade ja meeldiva maitsega k\u00e4sit\u00f6\u00f6na valminud idamaised maiustused.<br \/>\nGranaat\u00f5unamoos pistaatsiap\u00e4hklitega.Roku darin\u0101tie austrumu saldumi ar dab\u012bgiem ingridientiem un pat\u012bkamu gar\u0161u.<br \/>Gran\u0101t\u0101bolu lukum ar pist\u0101cij\u0101m. Igasuguse laua p\u00fcsiklassik.<\/p>\n","protected":false},"excerpt":{"rendered":"<p>Looduslike koostisosade ja meeldiva maitsega k\u00e4sit\u00f6\u00f6na valminud idamaised maiustused. Granaat\u00f5unamoos pistaatsiap\u00e4hklitega.Roku darin\u0101tie austrumu saldumi ar dab\u012bgiem ingridientiem un pat\u012bkamu gar\u0161u.Gran\u0101t\u0101bolu lukum ar pist\u0101cij\u0101m. Igasuguse laua p\u00fcsiklassik.<\/p>\n","protected":false},"featured_media":12025,"comment_status":"open","ping_status":"closed","template":"","meta":[],"product_brand":[],"product_cat":[77,235,144],"product_tag":[],"class_list":{"0":"post-3799","1":"product","2":"type-product","3":"status-publish","4":"has-post-thumbnail","6":"product_cat-maiustused","7":"product_cat-austrumu-saldumi-et","8":"product_cat-lukum-et","10":"first","11":"instock","12":"taxable","13":"shipping-taxable","14":"purchasable","15":"product-type-simple"},"_links":{"self":[{"href":"https:\/\/gourmetmarket.lv\/et\/wp-json\/wp\/v2\/product\/3799","targetHints":{"allow":["GET"]}}],"collection":[{"href":"https:\/\/gourmetmarket.lv\/et\/wp-json\/wp\/v2\/product"}],"about":[{"href":"https:\/\/gourmetmarket.lv\/et\/wp-json\/wp\/v2\/types\/product"}],"replies":[{"embeddable":true,"href":"https:\/\/gourmetmarket.lv\/et\/wp-json\/wp\/v2\/comments?post=3799"}],"version-history":[{"count":7,"href":"https:\/\/gourmetmarket.lv\/et\/wp-json\/wp\/v2\/product\/3799\/revisions"}],"predecessor-version":[{"id":15949,"href":"https:\/\/gourmetmarket.lv\/et\/wp-json\/wp\/v2\/product\/3799\/revisions\/15949"}],"wp:featuredmedia":[{"embeddable":true,"href":"https:\/\/gourmetmarket.lv\/et\/wp-json\/wp\/v2\/media\/12025"}],"wp:attachment":[{"href":"https:\/\/gourmetmarket.lv\/et\/wp-json\/wp\/v2\/media?parent=3799"}],"wp:term":[{"taxonomy":"product_brand","embeddable":true,"href":"https:\/\/gourmetmarket.lv\/et\/wp-json\/wp\/v2\/product_brand?post=3799"},{"taxonomy":"product_cat","embeddable":true,"href":"https:\/\/gourmetmarket.lv\/et\/wp-json\/wp\/v2\/product_cat?post=3799"},{"taxonomy":"product_tag","embeddable":true,"href":"https:\/\/gourmetmarket.lv\/et\/wp-json\/wp\/v2\/product_tag?post=3799"}],"curies":[{"name":"wp","href":"https:\/\/api.w.org\/{rel}","templated":true}]}}