{"id":16039,"date":"2025-02-17T13:09:50","date_gmt":"2025-02-17T11:09:50","guid":{"rendered":"https:\/\/gourmetmarket.lv\/product\/granatabolu-lukums-ar-pistacijam-f101\/"},"modified":"2025-02-20T11:03:11","modified_gmt":"2025-02-20T09:03:11","slug":"granatabolu-lukums-ar-pistacijam-f101","status":"publish","type":"product","link":"https:\/\/gourmetmarket.lv\/et\/toode\/granatabolu-lukums-ar-pistacijam-f101\/","title":{"rendered":"Granaat\u00f5una lokum pistaatsiap\u00e4hklitega. (f101)"},"content":{"rendered":"<p>Looduslike koostisosade ja meeldiva maitsega k\u00e4sit\u00f6\u00f6na valminud idamaised maiustused.<br \/>\nGranaat\u00f5unamoos pistaatsiap\u00e4hklitega.Roku darin\u0101tie austrumu saldumi ar dab\u012bgiem ingridientiem un pat\u012bkamu gar\u0161u.<br \/>Gran\u0101t\u0101bolu lukum ar pist\u0101cij\u0101m. Igasuguse laua p\u00fcsiklassik.<\/p>\n","protected":false},"excerpt":{"rendered":"<p>Looduslike koostisosade ja meeldiva maitsega k\u00e4sit\u00f6\u00f6na valminud idamaised maiustused. Granaat\u00f5unamoos pistaatsiap\u00e4hklitega.Roku darin\u0101tie austrumu saldumi ar dab\u012bgiem ingridientiem un pat\u012bkamu gar\u0161u.Gran\u0101t\u0101bolu lukum ar pist\u0101cij\u0101m. Igasuguse laua p\u00fcsiklassik.<\/p>\n","protected":false},"featured_media":12025,"comment_status":"closed","ping_status":"closed","template":"","meta":[],"product_brand":[],"product_cat":[77,235,232,144],"product_tag":[],"class_list":{"0":"post-16039","1":"product","2":"type-product","3":"status-publish","4":"has-post-thumbnail","6":"product_cat-maiustused","7":"product_cat-austrumu-saldumi-et","8":"product_cat-saldumi-2-et","9":"product_cat-lukum-et","11":"first","12":"instock","13":"taxable","14":"shipping-taxable","15":"purchasable","16":"product-type-simple"},"_links":{"self":[{"href":"https:\/\/gourmetmarket.lv\/et\/wp-json\/wp\/v2\/product\/16039","targetHints":{"allow":["GET"]}}],"collection":[{"href":"https:\/\/gourmetmarket.lv\/et\/wp-json\/wp\/v2\/product"}],"about":[{"href":"https:\/\/gourmetmarket.lv\/et\/wp-json\/wp\/v2\/types\/product"}],"replies":[{"embeddable":true,"href":"https:\/\/gourmetmarket.lv\/et\/wp-json\/wp\/v2\/comments?post=16039"}],"version-history":[{"count":2,"href":"https:\/\/gourmetmarket.lv\/et\/wp-json\/wp\/v2\/product\/16039\/revisions"}],"predecessor-version":[{"id":16121,"href":"https:\/\/gourmetmarket.lv\/et\/wp-json\/wp\/v2\/product\/16039\/revisions\/16121"}],"wp:featuredmedia":[{"embeddable":true,"href":"https:\/\/gourmetmarket.lv\/et\/wp-json\/wp\/v2\/media\/12025"}],"wp:attachment":[{"href":"https:\/\/gourmetmarket.lv\/et\/wp-json\/wp\/v2\/media?parent=16039"}],"wp:term":[{"taxonomy":"product_brand","embeddable":true,"href":"https:\/\/gourmetmarket.lv\/et\/wp-json\/wp\/v2\/product_brand?post=16039"},{"taxonomy":"product_cat","embeddable":true,"href":"https:\/\/gourmetmarket.lv\/et\/wp-json\/wp\/v2\/product_cat?post=16039"},{"taxonomy":"product_tag","embeddable":true,"href":"https:\/\/gourmetmarket.lv\/et\/wp-json\/wp\/v2\/product_tag?post=16039"}],"curies":[{"name":"wp","href":"https:\/\/api.w.org\/{rel}","templated":true}]}}