{"id":15788,"date":"2025-01-22T13:22:45","date_gmt":"2025-01-22T11:22:45","guid":{"rendered":"https:\/\/gourmetmarket.lv\/product\/apelsinu-lukuma-pirkstini-ar-pistacijam-code-38\/"},"modified":"2025-01-30T12:53:45","modified_gmt":"2025-01-30T10:53:45","slug":"apelsinu-lukuma-pirkstini-ar-pistacijam-code-38","status":"publish","type":"product","link":"https:\/\/gourmetmarket.lv\/et\/toode\/apelsinu-lukuma-pirkstini-ar-pistacijam-code-38\/","title":{"rendered":"Oran\u017eid Lucuma s\u00f5rmed pistaatsiap\u00e4hklitega (kood 38)"},"content":{"rendered":"","protected":false},"excerpt":{"rendered":"","protected":false},"featured_media":15727,"comment_status":"closed","ping_status":"closed","template":"","meta":[],"product_brand":[],"product_cat":[77,235,232,144],"product_tag":[],"class_list":{"0":"post-15788","1":"product","2":"type-product","3":"status-publish","4":"has-post-thumbnail","6":"product_cat-maiustused","7":"product_cat-austrumu-saldumi-et","8":"product_cat-saldumi-2-et","9":"product_cat-lukum-et","11":"first","12":"instock","13":"taxable","14":"shipping-taxable","15":"purchasable","16":"product-type-simple"},"_links":{"self":[{"href":"https:\/\/gourmetmarket.lv\/et\/wp-json\/wp\/v2\/product\/15788","targetHints":{"allow":["GET"]}}],"collection":[{"href":"https:\/\/gourmetmarket.lv\/et\/wp-json\/wp\/v2\/product"}],"about":[{"href":"https:\/\/gourmetmarket.lv\/et\/wp-json\/wp\/v2\/types\/product"}],"replies":[{"embeddable":true,"href":"https:\/\/gourmetmarket.lv\/et\/wp-json\/wp\/v2\/comments?post=15788"}],"version-history":[{"count":2,"href":"https:\/\/gourmetmarket.lv\/et\/wp-json\/wp\/v2\/product\/15788\/revisions"}],"predecessor-version":[{"id":15796,"href":"https:\/\/gourmetmarket.lv\/et\/wp-json\/wp\/v2\/product\/15788\/revisions\/15796"}],"wp:featuredmedia":[{"embeddable":true,"href":"https:\/\/gourmetmarket.lv\/et\/wp-json\/wp\/v2\/media\/15727"}],"wp:attachment":[{"href":"https:\/\/gourmetmarket.lv\/et\/wp-json\/wp\/v2\/media?parent=15788"}],"wp:term":[{"taxonomy":"product_brand","embeddable":true,"href":"https:\/\/gourmetmarket.lv\/et\/wp-json\/wp\/v2\/product_brand?post=15788"},{"taxonomy":"product_cat","embeddable":true,"href":"https:\/\/gourmetmarket.lv\/et\/wp-json\/wp\/v2\/product_cat?post=15788"},{"taxonomy":"product_tag","embeddable":true,"href":"https:\/\/gourmetmarket.lv\/et\/wp-json\/wp\/v2\/product_tag?post=15788"}],"curies":[{"name":"wp","href":"https:\/\/api.w.org\/{rel}","templated":true}]}}