{"id":15743,"date":"2024-12-11T12:25:25","date_gmt":"2024-12-11T10:25:25","guid":{"rendered":"https:\/\/gourmetmarket.lv\/product\/davanu-komplekts-gardeziem\/"},"modified":"2025-02-06T14:22:27","modified_gmt":"2025-02-06T12:22:27","slug":"davanu-komplekts-gardeziem","status":"publish","type":"product","link":"https:\/\/gourmetmarket.lv\/et\/toode\/davanu-komplekts-gardeziem\/","title":{"rendered":"Gourmet kinkekomplekt"},"content":{"rendered":"<p>Soolaste ja magusate suupistete kombinatsioon \u00fches kingituses. Soovi korral saate seda kingitust t\u00e4iendada maitsva veini v\u00f5i vahuveiniga.<\/p>\n","protected":false},"excerpt":{"rendered":"<p>Soolaste ja magusate suupistete kombinatsioon \u00fches kingituses. Soovi korral saate seda kingitust t\u00e4iendada maitsva veini v\u00f5i vahuveiniga.<\/p>\n","protected":false},"featured_media":15637,"comment_status":"closed","ping_status":"closed","template":"","meta":[],"product_brand":[],"product_cat":[149,241,150,153,298,77,260,274,272,273,145],"product_tag":[],"class_list":{"0":"post-15743","1":"product","2":"type-product","3":"status-publish","4":"has-post-thumbnail","6":"product_cat-antipasto-et","7":"product_cat-uzkodas-et","8":"product_cat-antipasto-olives-et","9":"product_cat-pipari-et","10":"product_cat-vurtsid","11":"product_cat-maiustused","12":"product_cat-komplektid","13":"product_cat-drazee","14":"product_cat-sokolaad","15":"product_cat-kommid","16":"product_cat-teja-et","18":"first","19":"instock","20":"taxable","21":"shipping-taxable","22":"purchasable","23":"product-type-simple"},"_links":{"self":[{"href":"https:\/\/gourmetmarket.lv\/et\/wp-json\/wp\/v2\/product\/15743","targetHints":{"allow":["GET"]}}],"collection":[{"href":"https:\/\/gourmetmarket.lv\/et\/wp-json\/wp\/v2\/product"}],"about":[{"href":"https:\/\/gourmetmarket.lv\/et\/wp-json\/wp\/v2\/types\/product"}],"replies":[{"embeddable":true,"href":"https:\/\/gourmetmarket.lv\/et\/wp-json\/wp\/v2\/comments?post=15743"}],"version-history":[{"count":1,"href":"https:\/\/gourmetmarket.lv\/et\/wp-json\/wp\/v2\/product\/15743\/revisions"}],"predecessor-version":[{"id":15748,"href":"https:\/\/gourmetmarket.lv\/et\/wp-json\/wp\/v2\/product\/15743\/revisions\/15748"}],"wp:featuredmedia":[{"embeddable":true,"href":"https:\/\/gourmetmarket.lv\/et\/wp-json\/wp\/v2\/media\/15637"}],"wp:attachment":[{"href":"https:\/\/gourmetmarket.lv\/et\/wp-json\/wp\/v2\/media?parent=15743"}],"wp:term":[{"taxonomy":"product_brand","embeddable":true,"href":"https:\/\/gourmetmarket.lv\/et\/wp-json\/wp\/v2\/product_brand?post=15743"},{"taxonomy":"product_cat","embeddable":true,"href":"https:\/\/gourmetmarket.lv\/et\/wp-json\/wp\/v2\/product_cat?post=15743"},{"taxonomy":"product_tag","embeddable":true,"href":"https:\/\/gourmetmarket.lv\/et\/wp-json\/wp\/v2\/product_tag?post=15743"}],"curies":[{"name":"wp","href":"https:\/\/api.w.org\/{rel}","templated":true}]}}