{"id":15504,"date":"2024-10-22T13:36:26","date_gmt":"2024-10-22T10:36:26","guid":{"rendered":"https:\/\/gourmetmarket.lv\/product\/abolu-pastila-ar-mellenem-bez-cukura180gr\/"},"modified":"2024-10-22T13:44:13","modified_gmt":"2024-10-22T10:44:13","slug":"abolu-pastila-ar-mellenem-bez-cukura180gr","status":"publish","type":"product","link":"https:\/\/gourmetmarket.lv\/et\/toode\/abolu-pastila-ar-mellenem-bez-cukura180gr\/","title":{"rendered":"\u00d5unapastila mustikatega ilma suhkruta 180gr"},"content":{"rendered":"<p>K\u00f5ik suhkrud on ainult looduslikku p\u00e4ritolu. Toode ei sisalda suhkrut, muid suhkruasendajaid ega muid koostisaineid, v\u00e4lja arvatud need, mis on m\u00e4rgitud toote koostises. Enne magustoidu l\u00f5ikamist tehke nuga k\u00fclma veega m\u00e4rjaks.  <\/p>\n","protected":false},"excerpt":{"rendered":"<p>K\u00f5ik suhkrud on ainult looduslikku p\u00e4ritolu. Toode ei sisalda suhkrut, muid suhkruasendajaid ega muid koostisaineid, v\u00e4lja arvatud need, mis on m\u00e4rgitud toote koostises. Enne magustoidu l\u00f5ikamist tehke nuga k\u00fclma veega m\u00e4rjaks.<\/p>\n","protected":false},"featured_media":15499,"comment_status":"closed","ping_status":"closed","template":"","meta":[],"product_brand":[],"product_cat":[232,164],"product_tag":[],"class_list":{"0":"post-15504","1":"product","2":"type-product","3":"status-publish","4":"has-post-thumbnail","6":"product_cat-saldumi-2-et","7":"product_cat-pastila-et","9":"first","10":"instock","11":"taxable","12":"shipping-taxable","13":"purchasable","14":"product-type-simple"},"_links":{"self":[{"href":"https:\/\/gourmetmarket.lv\/et\/wp-json\/wp\/v2\/product\/15504","targetHints":{"allow":["GET"]}}],"collection":[{"href":"https:\/\/gourmetmarket.lv\/et\/wp-json\/wp\/v2\/product"}],"about":[{"href":"https:\/\/gourmetmarket.lv\/et\/wp-json\/wp\/v2\/types\/product"}],"replies":[{"embeddable":true,"href":"https:\/\/gourmetmarket.lv\/et\/wp-json\/wp\/v2\/comments?post=15504"}],"version-history":[{"count":2,"href":"https:\/\/gourmetmarket.lv\/et\/wp-json\/wp\/v2\/product\/15504\/revisions"}],"predecessor-version":[{"id":15514,"href":"https:\/\/gourmetmarket.lv\/et\/wp-json\/wp\/v2\/product\/15504\/revisions\/15514"}],"wp:featuredmedia":[{"embeddable":true,"href":"https:\/\/gourmetmarket.lv\/et\/wp-json\/wp\/v2\/media\/15499"}],"wp:attachment":[{"href":"https:\/\/gourmetmarket.lv\/et\/wp-json\/wp\/v2\/media?parent=15504"}],"wp:term":[{"taxonomy":"product_brand","embeddable":true,"href":"https:\/\/gourmetmarket.lv\/et\/wp-json\/wp\/v2\/product_brand?post=15504"},{"taxonomy":"product_cat","embeddable":true,"href":"https:\/\/gourmetmarket.lv\/et\/wp-json\/wp\/v2\/product_cat?post=15504"},{"taxonomy":"product_tag","embeddable":true,"href":"https:\/\/gourmetmarket.lv\/et\/wp-json\/wp\/v2\/product_tag?post=15504"}],"curies":[{"name":"wp","href":"https:\/\/api.w.org\/{rel}","templated":true}]}}