{"id":15409,"date":"2024-09-23T10:25:56","date_gmt":"2024-09-23T07:25:56","guid":{"rendered":"https:\/\/gourmetmarket.lv\/product\/garsvielu-maisijums-zivim-100gr\/"},"modified":"2024-10-09T13:48:25","modified_gmt":"2024-10-09T10:48:25","slug":"garsvielu-maisijums-zivim-100gr","status":"publish","type":"product","link":"https:\/\/gourmetmarket.lv\/et\/toode\/garsvielu-maisijums-zivim-100gr\/","title":{"rendered":"V\u00fcrtside segu kalale 100gr"},"content":{"rendered":"<p>Jahvatatud L\u00e4tis ja valmistatud Usbeki retsepti j\u00e4rgi.<\/p>\n<p>&nbsp;<\/p>\n","protected":false},"excerpt":{"rendered":"<p>Jahvatatud L\u00e4tis ja valmistatud Usbeki retsepti j\u00e4rgi. &nbsp;<\/p>\n","protected":false},"featured_media":15238,"comment_status":"closed","ping_status":"closed","template":"","meta":[],"product_brand":[],"product_cat":[148,298],"product_tag":[],"class_list":{"0":"post-15409","1":"product","2":"type-product","3":"status-publish","4":"has-post-thumbnail","6":"product_cat-lisandid","7":"product_cat-vurtsid","9":"first","10":"outofstock","11":"taxable","12":"shipping-taxable","13":"purchasable","14":"product-type-simple"},"_links":{"self":[{"href":"https:\/\/gourmetmarket.lv\/et\/wp-json\/wp\/v2\/product\/15409","targetHints":{"allow":["GET"]}}],"collection":[{"href":"https:\/\/gourmetmarket.lv\/et\/wp-json\/wp\/v2\/product"}],"about":[{"href":"https:\/\/gourmetmarket.lv\/et\/wp-json\/wp\/v2\/types\/product"}],"replies":[{"embeddable":true,"href":"https:\/\/gourmetmarket.lv\/et\/wp-json\/wp\/v2\/comments?post=15409"}],"version-history":[{"count":1,"href":"https:\/\/gourmetmarket.lv\/et\/wp-json\/wp\/v2\/product\/15409\/revisions"}],"predecessor-version":[{"id":15413,"href":"https:\/\/gourmetmarket.lv\/et\/wp-json\/wp\/v2\/product\/15409\/revisions\/15413"}],"wp:featuredmedia":[{"embeddable":true,"href":"https:\/\/gourmetmarket.lv\/et\/wp-json\/wp\/v2\/media\/15238"}],"wp:attachment":[{"href":"https:\/\/gourmetmarket.lv\/et\/wp-json\/wp\/v2\/media?parent=15409"}],"wp:term":[{"taxonomy":"product_brand","embeddable":true,"href":"https:\/\/gourmetmarket.lv\/et\/wp-json\/wp\/v2\/product_brand?post=15409"},{"taxonomy":"product_cat","embeddable":true,"href":"https:\/\/gourmetmarket.lv\/et\/wp-json\/wp\/v2\/product_cat?post=15409"},{"taxonomy":"product_tag","embeddable":true,"href":"https:\/\/gourmetmarket.lv\/et\/wp-json\/wp\/v2\/product_tag?post=15409"}],"curies":[{"name":"wp","href":"https:\/\/api.w.org\/{rel}","templated":true}]}}