{"id":14961,"date":"2024-06-03T11:08:17","date_gmt":"2024-06-03T08:08:17","guid":{"rendered":"https:\/\/gourmetmarket.lv\/product\/borhill-vilkabele-skidrums-ekstrakts-200-g\/"},"modified":"2025-02-12T12:23:26","modified_gmt":"2025-02-12T10:23:26","slug":"borhill-vilkabele-skidrums-ekstrakts-200-g","status":"publish","type":"product","link":"https:\/\/gourmetmarket.lv\/et\/toode\/borhill-vilkabele-skidrums-ekstrakts-200-g\/","title":{"rendered":"BORHILL HALLOWEEN, VEDELIK, EKSTRAKT, 200 g"},"content":{"rendered":"<p>BORHILL Hawthorn on rikkalik viirpuu ekstrakt. Viirpuu normaliseerib verer\u00f5hku, alandab kolesterooli, parandab seedimist, on p\u00f5letikuvastaste omadustega, stabiliseerib kardiovaskulaars\u00fcsteemi, aitab ennetada diabeeti, v\u00e4hendab \u00e4revust. Viirpuu sisaldab vitamiine: A, C, E, K, B-vitamiine, kaltsiumi, magneesiumi, rauda, \u200b\u200bkoobaltit, seleeni, tsinki, aga ka eeterlikke \u00f5lisid, gl\u00fckosiide, orgaanilisi happeid ja flavonoide. Flavonoididel on antioks\u00fcdantne toime, nad v\u00e4hendavad vere h\u00fc\u00fcbimist, v\u00e4hendavad kapillaaride haprust ja l\u00e4bilaskvust, parandavad ainevahetusprotsesse. Gl\u00fckosiididel on antiar\u00fctmiline toime ja neid kasutatakse s\u00fcdamepuudulikkuse ennetamiseks.<\/p>\n","protected":false},"excerpt":{"rendered":"<p>BORHILL Hawthorn on rikkalik viirpuu ekstrakt. Viirpuu normaliseerib verer\u00f5hku, alandab kolesterooli, parandab seedimist, on p\u00f5letikuvastaste omadustega, stabiliseerib kardiovaskulaars\u00fcsteemi, aitab ennetada diabeeti, v\u00e4hendab \u00e4revust. Viirpuu sisaldab vitamiine: A, C, E, K, B-vitamiine, kaltsiumi, magneesiumi, rauda, \u200b\u200bkoobaltit, seleeni, tsinki, aga ka eeterlikke \u00f5lisid, gl\u00fckosiide, orgaanilisi happeid ja flavonoide. Flavonoididel on antioks\u00fcdantne toime, nad v\u00e4hendavad vere h\u00fc\u00fcbimist, v\u00e4hendavad kapillaaride haprust ja l\u00e4bilaskvust, parandavad ainevahetusprotsesse. Gl\u00fckosiididel on antiar\u00fctmiline toime ja neid kasutatakse s\u00fcdamepuudulikkuse ennetamiseks.<\/p>\n","protected":false},"featured_media":14917,"comment_status":"closed","ping_status":"closed","template":"","meta":[],"product_brand":[],"product_cat":[304,147],"product_tag":[],"class_list":{"0":"post-14961","1":"product","2":"type-product","3":"status-publish","4":"has-post-thumbnail","6":"product_cat-dzerieni-et","7":"product_cat-sirupi-et","9":"first","10":"outofstock","11":"taxable","12":"shipping-taxable","13":"purchasable","14":"product-type-simple"},"_links":{"self":[{"href":"https:\/\/gourmetmarket.lv\/et\/wp-json\/wp\/v2\/product\/14961","targetHints":{"allow":["GET"]}}],"collection":[{"href":"https:\/\/gourmetmarket.lv\/et\/wp-json\/wp\/v2\/product"}],"about":[{"href":"https:\/\/gourmetmarket.lv\/et\/wp-json\/wp\/v2\/types\/product"}],"replies":[{"embeddable":true,"href":"https:\/\/gourmetmarket.lv\/et\/wp-json\/wp\/v2\/comments?post=14961"}],"version-history":[{"count":2,"href":"https:\/\/gourmetmarket.lv\/et\/wp-json\/wp\/v2\/product\/14961\/revisions"}],"predecessor-version":[{"id":15956,"href":"https:\/\/gourmetmarket.lv\/et\/wp-json\/wp\/v2\/product\/14961\/revisions\/15956"}],"wp:featuredmedia":[{"embeddable":true,"href":"https:\/\/gourmetmarket.lv\/et\/wp-json\/wp\/v2\/media\/14917"}],"wp:attachment":[{"href":"https:\/\/gourmetmarket.lv\/et\/wp-json\/wp\/v2\/media?parent=14961"}],"wp:term":[{"taxonomy":"product_brand","embeddable":true,"href":"https:\/\/gourmetmarket.lv\/et\/wp-json\/wp\/v2\/product_brand?post=14961"},{"taxonomy":"product_cat","embeddable":true,"href":"https:\/\/gourmetmarket.lv\/et\/wp-json\/wp\/v2\/product_cat?post=14961"},{"taxonomy":"product_tag","embeddable":true,"href":"https:\/\/gourmetmarket.lv\/et\/wp-json\/wp\/v2\/product_tag?post=14961"}],"curies":[{"name":"wp","href":"https:\/\/api.w.org\/{rel}","templated":true}]}}