{"id":14950,"date":"2024-05-30T12:20:42","date_gmt":"2024-05-30T09:20:42","guid":{"rendered":"https:\/\/gourmetmarket.lv\/product\/mezrozisu-dabigais-borhill-skidrais-ekstrakts-200g\/"},"modified":"2024-05-30T13:04:57","modified_gmt":"2024-05-30T10:04:57","slug":"mezrozisu-dabigais-borhill-skidrais-ekstrakts-200g","status":"publish","type":"product","link":"https:\/\/gourmetmarket.lv\/et\/toode\/mezrozisu-dabigais-borhill-skidrais-ekstrakts-200g\/","title":{"rendered":"BORHILL LOODUSLIKU ROOSI VEDELEKSTRAKT 200G"},"content":{"rendered":"<p>Kibuvitsa lahustuv vedelik \u2013 100% looduslik toode, vees lahustuv. Mitte-GMO ja gluteenivaba. Rasedatele ja imetavatele emadele soovitatakse m\u00f5\u00f5dukas koguses jahvatatud kibuvitsa vilju. T\u00e4nu ainulaadsele kibuvitsamarjade t\u00f6\u00f6tlemise tehnoloogilisele protsessile s\u00e4ilitab kuivatatud jook k\u00f5ik kasulikud koostisosad, vitamiinid ja mikroelemendid. Kasulik on ka n\u00e4iteks kibuvitsasiirup. \u00dcks tass marjajooki p\u00e4evas aitab kompenseerida hooajaliste vitamiinide puudust.<\/p>\n","protected":false},"excerpt":{"rendered":"<p>Kibuvitsa lahustuv vedelik \u2013 100% looduslik toode, vees lahustuv. Mitte-GMO ja gluteenivaba. Rasedatele ja imetavatele emadele soovitatakse m\u00f5\u00f5dukas koguses jahvatatud kibuvitsa vilju. T\u00e4nu ainulaadsele kibuvitsamarjade t\u00f6\u00f6tlemise tehnoloogilisele protsessile s\u00e4ilitab kuivatatud jook k\u00f5ik kasulikud koostisosad, vitamiinid ja mikroelemendid. Kasulik on ka n\u00e4iteks kibuvitsasiirup. \u00dcks tass marjajooki p\u00e4evas aitab kompenseerida hooajaliste vitamiinide puudust.<\/p>\n","protected":false},"featured_media":14922,"comment_status":"closed","ping_status":"closed","template":"","meta":[],"product_brand":[],"product_cat":[304,238,147],"product_tag":[],"class_list":{"0":"post-14950","1":"product","2":"type-product","3":"status-publish","4":"has-post-thumbnail","6":"product_cat-dzerieni-et","7":"product_cat-piedevas-2-et","8":"product_cat-sirupi-et","10":"first","11":"outofstock","12":"taxable","13":"shipping-taxable","14":"purchasable","15":"product-type-simple"},"_links":{"self":[{"href":"https:\/\/gourmetmarket.lv\/et\/wp-json\/wp\/v2\/product\/14950","targetHints":{"allow":["GET"]}}],"collection":[{"href":"https:\/\/gourmetmarket.lv\/et\/wp-json\/wp\/v2\/product"}],"about":[{"href":"https:\/\/gourmetmarket.lv\/et\/wp-json\/wp\/v2\/types\/product"}],"replies":[{"embeddable":true,"href":"https:\/\/gourmetmarket.lv\/et\/wp-json\/wp\/v2\/comments?post=14950"}],"version-history":[{"count":1,"href":"https:\/\/gourmetmarket.lv\/et\/wp-json\/wp\/v2\/product\/14950\/revisions"}],"predecessor-version":[{"id":14954,"href":"https:\/\/gourmetmarket.lv\/et\/wp-json\/wp\/v2\/product\/14950\/revisions\/14954"}],"wp:featuredmedia":[{"embeddable":true,"href":"https:\/\/gourmetmarket.lv\/et\/wp-json\/wp\/v2\/media\/14922"}],"wp:attachment":[{"href":"https:\/\/gourmetmarket.lv\/et\/wp-json\/wp\/v2\/media?parent=14950"}],"wp:term":[{"taxonomy":"product_brand","embeddable":true,"href":"https:\/\/gourmetmarket.lv\/et\/wp-json\/wp\/v2\/product_brand?post=14950"},{"taxonomy":"product_cat","embeddable":true,"href":"https:\/\/gourmetmarket.lv\/et\/wp-json\/wp\/v2\/product_cat?post=14950"},{"taxonomy":"product_tag","embeddable":true,"href":"https:\/\/gourmetmarket.lv\/et\/wp-json\/wp\/v2\/product_tag?post=14950"}],"curies":[{"name":"wp","href":"https:\/\/api.w.org\/{rel}","templated":true}]}}