{"id":14933,"date":"2024-05-29T13:17:53","date_gmt":"2024-05-29T10:17:53","guid":{"rendered":"https:\/\/gourmetmarket.lv\/product\/smiltserksku-skidrais-ekstrakts-borhill-ar-avenem-un-ingveru-200-gr\/"},"modified":"2024-05-30T10:16:57","modified_gmt":"2024-05-30T07:16:57","slug":"smiltserksku-skidrais-ekstrakts-borhill-ar-avenem-un-ingveru-200-gr","status":"publish","type":"product","link":"https:\/\/gourmetmarket.lv\/et\/toode\/smiltserksku-skidrais-ekstrakts-borhill-ar-avenem-un-ingveru-200-gr\/","title":{"rendered":"BORHILLI VEDEL V\u00d5ILEIVAEKSTRAKT VAARIKA JA INGVERIGA, 200 GR"},"content":{"rendered":"<p>Joogip\u00f5hja osana kasutatakse ainult v\u00e4rskeid koostisosi, millele on lisatud looduslikke toidumaitseid.<\/p>\n<p>Meie kontsentraate kasutades v\u00f5id s\u00e4\u00e4sta oma aega, sest valmistamine v\u00f5tab aega 10 minutit, mille jooksul saad rohkem perega aega veeta, oma asju ajada ning jook tuleb v\u00e4lja nagu kohvikus. . Puuviljat\u00e4iteained ja -p\u00fcreed meeldivad ka lastele, sest need sisaldavad looduslikke koostisosi.<\/p>\n<p>Puu- ja marjakontsentraat Astelpaju vedel ekstrakt Borhill vaarikate ja ingveriga looduslikul alusel maitsvate ja aromaatsete jookide valmistamiseks. P\u00f5hi koosneb v\u00e4rskelt k\u00fclmutatud astelpajust (astelpajup\u00fcree), v\u00e4rskelt pressitud sidrunimahlast ja meest. Kontsentraat on teie joogile suurep\u00e4rane lisand. P\u00f5hi sobib suurep\u00e4raselt teele v\u00f5i soojendava joogi valmistamiseks segada kuuma veega. P\u00f5hi sobib suurep\u00e4raselt teele v\u00f5i soojendava joogi valmistamiseks segada kuuma veega.<\/p>\n","protected":false},"excerpt":{"rendered":"<p>Joogip\u00f5hja osana kasutatakse ainult v\u00e4rskeid koostisosi, millele on lisatud looduslikke toidumaitseid. Meie kontsentraate kasutades v\u00f5id s\u00e4\u00e4sta oma aega, sest valmistamine v\u00f5tab aega 10 minutit, mille jooksul saad rohkem perega aega veeta, oma asju ajada ning jook tuleb v\u00e4lja nagu kohvikus. . Puuviljat\u00e4iteained ja -p\u00fcreed meeldivad ka lastele, sest need sisaldavad looduslikke koostisosi. Puu- ja marjakontsentraat [&hellip;]<\/p>\n","protected":false},"featured_media":14927,"comment_status":"closed","ping_status":"closed","template":"","meta":[],"product_brand":[],"product_cat":[304,147],"product_tag":[],"class_list":{"0":"post-14933","1":"product","2":"type-product","3":"status-publish","4":"has-post-thumbnail","6":"product_cat-dzerieni-et","7":"product_cat-sirupi-et","9":"first","10":"outofstock","11":"taxable","12":"shipping-taxable","13":"purchasable","14":"product-type-simple"},"_links":{"self":[{"href":"https:\/\/gourmetmarket.lv\/et\/wp-json\/wp\/v2\/product\/14933","targetHints":{"allow":["GET"]}}],"collection":[{"href":"https:\/\/gourmetmarket.lv\/et\/wp-json\/wp\/v2\/product"}],"about":[{"href":"https:\/\/gourmetmarket.lv\/et\/wp-json\/wp\/v2\/types\/product"}],"replies":[{"embeddable":true,"href":"https:\/\/gourmetmarket.lv\/et\/wp-json\/wp\/v2\/comments?post=14933"}],"version-history":[{"count":2,"href":"https:\/\/gourmetmarket.lv\/et\/wp-json\/wp\/v2\/product\/14933\/revisions"}],"predecessor-version":[{"id":14941,"href":"https:\/\/gourmetmarket.lv\/et\/wp-json\/wp\/v2\/product\/14933\/revisions\/14941"}],"wp:featuredmedia":[{"embeddable":true,"href":"https:\/\/gourmetmarket.lv\/et\/wp-json\/wp\/v2\/media\/14927"}],"wp:attachment":[{"href":"https:\/\/gourmetmarket.lv\/et\/wp-json\/wp\/v2\/media?parent=14933"}],"wp:term":[{"taxonomy":"product_brand","embeddable":true,"href":"https:\/\/gourmetmarket.lv\/et\/wp-json\/wp\/v2\/product_brand?post=14933"},{"taxonomy":"product_cat","embeddable":true,"href":"https:\/\/gourmetmarket.lv\/et\/wp-json\/wp\/v2\/product_cat?post=14933"},{"taxonomy":"product_tag","embeddable":true,"href":"https:\/\/gourmetmarket.lv\/et\/wp-json\/wp\/v2\/product_tag?post=14933"}],"curies":[{"name":"wp","href":"https:\/\/api.w.org\/{rel}","templated":true}]}}